{"id":7780,"date":"2025-11-28T17:43:10","date_gmt":"2025-11-28T17:43:10","guid":{"rendered":"https:\/\/makomasci.com\/?post_type=product&#038;p=7780"},"modified":"2026-03-09T20:31:50","modified_gmt":"2026-03-09T20:31:50","slug":"bananes-claclo","status":"publish","type":"product","link":"https:\/\/makomasci.com\/en\/product\/bananes-claclo\/","title":{"rendered":"Bananes Claclo"},"content":{"rendered":"<p>Quand la banane devient bien noire et toute molle, ne la jette surtout pas ! C\u2019est \u00e0 ce moment-l\u00e0 qu\u2019elle est parfaite pour faire un bon <i>claclo<\/i>, ce beignet de banane typiquement ivoirien qu\u2019on adore grignoter chaud.<\/p>\n<p>Douce, naturellement sucr\u00e9e et parfum\u00e9e, la banane tr\u00e8s m\u00fbre Makomas donne une p\u00e2te l\u00e9g\u00e8re qui dore joliment \u00e0 la friture. Le r\u00e9sultat ? Des claclos moelleux dedans, croustillants dehors, et un go\u00fbt qui rappelle les go\u00fbters d\u2019enfance sous le manguier.<\/p>\n<p>\u00c0 d\u00e9guster au petit-d\u00e9j\u2019, au go\u00fbter ou m\u00eame en dessert<\/p>\n<p>le claclo, c\u2019est la preuve qu\u2019en C\u00f4te d\u2019Ivoire, rien ne se perd, tout se savoure !<\/p>","protected":false},"excerpt":{"rendered":"<p>Quand la banane devient bien noire et toute molle, ne la jette surtout pas ! C\u2019est \u00e0 ce moment-l\u00e0 qu\u2019elle<\/p>","protected":false},"featured_media":9658,"comment_status":"open","ping_status":"closed","template":"","meta":[],"product_brand":[],"product_cat":[100,242],"product_tag":[],"class_list":{"0":"post-7780","1":"product","2":"type-product","3":"status-publish","4":"has-post-thumbnail","6":"product_cat-produits-vivriers","7":"product_cat-promos","8":"pa_taille-8-pcs","10":"first","11":"instock","12":"shipping-taxable","13":"purchasable","14":"product-type-variable"},"_links":{"self":[{"href":"https:\/\/makomasci.com\/en\/wp-json\/wp\/v2\/product\/7780","targetHints":{"allow":["GET"]}}],"collection":[{"href":"https:\/\/makomasci.com\/en\/wp-json\/wp\/v2\/product"}],"about":[{"href":"https:\/\/makomasci.com\/en\/wp-json\/wp\/v2\/types\/product"}],"replies":[{"embeddable":true,"href":"https:\/\/makomasci.com\/en\/wp-json\/wp\/v2\/comments?post=7780"}],"version-history":[{"count":3,"href":"https:\/\/makomasci.com\/en\/wp-json\/wp\/v2\/product\/7780\/revisions"}],"predecessor-version":[{"id":9592,"href":"https:\/\/makomasci.com\/en\/wp-json\/wp\/v2\/product\/7780\/revisions\/9592"}],"wp:featuredmedia":[{"embeddable":true,"href":"https:\/\/makomasci.com\/en\/wp-json\/wp\/v2\/media\/9658"}],"wp:attachment":[{"href":"https:\/\/makomasci.com\/en\/wp-json\/wp\/v2\/media?parent=7780"}],"wp:term":[{"taxonomy":"product_brand","embeddable":true,"href":"https:\/\/makomasci.com\/en\/wp-json\/wp\/v2\/product_brand?post=7780"},{"taxonomy":"product_cat","embeddable":true,"href":"https:\/\/makomasci.com\/en\/wp-json\/wp\/v2\/product_cat?post=7780"},{"taxonomy":"product_tag","embeddable":true,"href":"https:\/\/makomasci.com\/en\/wp-json\/wp\/v2\/product_tag?post=7780"}],"curies":[{"name":"wp","href":"https:\/\/api.w.org\/{rel}","templated":true}]}}