{"id":6044,"date":"2025-10-13T18:07:39","date_gmt":"2025-10-13T18:07:39","guid":{"rendered":"https:\/\/makomasci.com\/?post_type=product&#038;p=6044"},"modified":"2025-11-11T14:53:30","modified_gmt":"2025-11-11T14:53:30","slug":"navet","status":"publish","type":"product","link":"https:\/\/makomasci.com\/en\/product\/navet\/","title":{"rendered":"Navet"},"content":{"rendered":"<p><span style=\"font-weight: 400;\">Ne te fie pas \u00e0 son air tranquille hein ! Le navet, c\u2019est ce petit l\u00e9gume qui se glisse partout et qui change tout dans tes plats. Croquant et l\u00e9g\u00e8rement sucr\u00e9, il aime bien se m\u00e9langer dans nos plats pour donner ce petit go\u00fbt fin qui adoucit le tout.<\/span><\/p>\n<p><span style=\"font-weight: 400;\">Chez nous, on le cuisine dans la sauce claire, le bouillon ou la soupe, il se cache souvent dans le riz gras ou le k\u00e9dj\u00e9nou pour calmer un peu le piment, et m\u00eame cru en salade, il reste croquant et rafra\u00eechissant.<\/span><\/p>\n<p><span style=\"font-weight: 400;\">Et puis faut le dire : le navet est plein de fibres et de vitamine C, donc il fait du bien au ventre et au corps. Bref, c\u2019est petit l\u00e9gume mais gros atout dans ta cuisine.<\/span><\/p>","protected":false},"excerpt":{"rendered":"<p>Ne te fie pas \u00e0 son air tranquille hein ! Le navet, c\u2019est ce petit l\u00e9gume qui se glisse partout<\/p>","protected":false},"featured_media":6045,"comment_status":"open","ping_status":"closed","template":"","meta":[],"product_brand":[],"product_cat":[142,242],"product_tag":[],"class_list":{"0":"post-6044","1":"product","2":"type-product","3":"status-publish","4":"has-post-thumbnail","6":"product_cat-fruits-et-legumes","7":"product_cat-promos","8":"pa_taille-250g","10":"first","11":"instock","12":"shipping-taxable","13":"purchasable","14":"product-type-variable"},"_links":{"self":[{"href":"https:\/\/makomasci.com\/en\/wp-json\/wp\/v2\/product\/6044","targetHints":{"allow":["GET"]}}],"collection":[{"href":"https:\/\/makomasci.com\/en\/wp-json\/wp\/v2\/product"}],"about":[{"href":"https:\/\/makomasci.com\/en\/wp-json\/wp\/v2\/types\/product"}],"replies":[{"embeddable":true,"href":"https:\/\/makomasci.com\/en\/wp-json\/wp\/v2\/comments?post=6044"}],"version-history":[{"count":0,"href":"https:\/\/makomasci.com\/en\/wp-json\/wp\/v2\/product\/6044\/revisions"}],"wp:featuredmedia":[{"embeddable":true,"href":"https:\/\/makomasci.com\/en\/wp-json\/wp\/v2\/media\/6045"}],"wp:attachment":[{"href":"https:\/\/makomasci.com\/en\/wp-json\/wp\/v2\/media?parent=6044"}],"wp:term":[{"taxonomy":"product_brand","embeddable":true,"href":"https:\/\/makomasci.com\/en\/wp-json\/wp\/v2\/product_brand?post=6044"},{"taxonomy":"product_cat","embeddable":true,"href":"https:\/\/makomasci.com\/en\/wp-json\/wp\/v2\/product_cat?post=6044"},{"taxonomy":"product_tag","embeddable":true,"href":"https:\/\/makomasci.com\/en\/wp-json\/wp\/v2\/product_tag?post=6044"}],"curies":[{"name":"wp","href":"https:\/\/api.w.org\/{rel}","templated":true}]}}