{"id":6041,"date":"2025-10-13T18:04:17","date_gmt":"2025-10-13T18:04:17","guid":{"rendered":"https:\/\/makomasci.com\/?post_type=product&#038;p=6041"},"modified":"2025-11-11T14:53:45","modified_gmt":"2025-11-11T14:53:45","slug":"radis","status":"publish","type":"product","link":"https:\/\/makomasci.com\/en\/product\/radis\/","title":{"rendered":"Radis"},"content":{"rendered":"<p><span style=\"font-weight: 400;\">Le radis, c\u2019est ce petit bout qui apporte du croquant et du piquant \u00e0 la cuisine. On le croque cru en salade, on le coupe pour parfumer un bouillon, ou on le fait sauter pour donner du caract\u00e8re aux sauces l\u00e9gumes. Il se marie aussi bien aux accompagnements simples qu\u2019aux plats \u00e9labor\u00e9s, apportant couleur et fra\u00eecheur. En plus de son go\u00fbt unique, le radis aide \u00e0 la digestion et renforce les d\u00e9fenses de l\u2019organisme. Avec le radis Makomas, chaque bouch\u00e9e devient un petit plaisir sain.<\/span><\/p>","protected":false},"excerpt":{"rendered":"<p>Le radis, c\u2019est ce petit bout qui apporte du croquant et du piquant \u00e0 la cuisine. On le croque cru<\/p>","protected":false},"featured_media":6042,"comment_status":"open","ping_status":"closed","template":"","meta":[],"product_brand":[],"product_cat":[142,242],"product_tag":[],"class_list":{"0":"post-6041","1":"product","2":"type-product","3":"status-publish","4":"has-post-thumbnail","6":"product_cat-fruits-et-legumes","7":"product_cat-promos","9":"first","10":"instock","11":"shipping-taxable","12":"purchasable","13":"product-type-simple"},"_links":{"self":[{"href":"https:\/\/makomasci.com\/en\/wp-json\/wp\/v2\/product\/6041","targetHints":{"allow":["GET"]}}],"collection":[{"href":"https:\/\/makomasci.com\/en\/wp-json\/wp\/v2\/product"}],"about":[{"href":"https:\/\/makomasci.com\/en\/wp-json\/wp\/v2\/types\/product"}],"replies":[{"embeddable":true,"href":"https:\/\/makomasci.com\/en\/wp-json\/wp\/v2\/comments?post=6041"}],"version-history":[{"count":0,"href":"https:\/\/makomasci.com\/en\/wp-json\/wp\/v2\/product\/6041\/revisions"}],"wp:featuredmedia":[{"embeddable":true,"href":"https:\/\/makomasci.com\/en\/wp-json\/wp\/v2\/media\/6042"}],"wp:attachment":[{"href":"https:\/\/makomasci.com\/en\/wp-json\/wp\/v2\/media?parent=6041"}],"wp:term":[{"taxonomy":"product_brand","embeddable":true,"href":"https:\/\/makomasci.com\/en\/wp-json\/wp\/v2\/product_brand?post=6041"},{"taxonomy":"product_cat","embeddable":true,"href":"https:\/\/makomasci.com\/en\/wp-json\/wp\/v2\/product_cat?post=6041"},{"taxonomy":"product_tag","embeddable":true,"href":"https:\/\/makomasci.com\/en\/wp-json\/wp\/v2\/product_tag?post=6041"}],"curies":[{"name":"wp","href":"https:\/\/api.w.org\/{rel}","templated":true}]}}