{"id":6038,"date":"2025-10-13T18:01:12","date_gmt":"2025-10-13T18:01:12","guid":{"rendered":"https:\/\/makomasci.com\/?post_type=product&#038;p=6038"},"modified":"2025-11-11T14:54:09","modified_gmt":"2025-11-11T14:54:09","slug":"poireau","status":"publish","type":"product","link":"https:\/\/makomasci.com\/en\/product\/poireau\/","title":{"rendered":"Poireau"},"content":{"rendered":"<p><span style=\"font-weight: 400;\">Le poireau, c\u2019est le petit magicien de la cuisine\u202f: humble mais puissant. En C\u00f4te d\u2019Ivoire, il fait tout\u202f! On le mijote doucement dans la sauce l\u00e9gumes pour donner de la profondeur, on le glisse dans le riz gras pour parfumer chaque grain, on le pr\u00e9pare en marinade pour relever viandes et poissons. Il apporte ce go\u00fbt unique qui fait dire \u00ab\u202fwaaah c\u2019est mal doux\u202f!\u202f\u00bb. M\u00eame dans les plats les plus simples, il sait mettre du style. Le poireau s\u2019invite dans les soupes cr\u00e9meuses, les quiches et les tartes sal\u00e9es, pour un go\u00fbt doux et raffin\u00e9 qui fait fondre les palais. Avec le poireau Makomas, ton repas devient une petite f\u00eate, chaque fois.<\/span><\/p>","protected":false},"excerpt":{"rendered":"<p>Le poireau, c\u2019est le petit magicien de la cuisine\u202f: humble mais puissant. En C\u00f4te d\u2019Ivoire, il fait tout\u202f! On le<\/p>","protected":false},"featured_media":6039,"comment_status":"open","ping_status":"closed","template":"","meta":[],"product_brand":[],"product_cat":[142,242],"product_tag":[],"class_list":{"0":"post-6038","1":"product","2":"type-product","3":"status-publish","4":"has-post-thumbnail","6":"product_cat-fruits-et-legumes","7":"product_cat-promos","8":"pa_taille-500g","10":"first","11":"instock","12":"shipping-taxable","13":"purchasable","14":"product-type-variable"},"_links":{"self":[{"href":"https:\/\/makomasci.com\/en\/wp-json\/wp\/v2\/product\/6038","targetHints":{"allow":["GET"]}}],"collection":[{"href":"https:\/\/makomasci.com\/en\/wp-json\/wp\/v2\/product"}],"about":[{"href":"https:\/\/makomasci.com\/en\/wp-json\/wp\/v2\/types\/product"}],"replies":[{"embeddable":true,"href":"https:\/\/makomasci.com\/en\/wp-json\/wp\/v2\/comments?post=6038"}],"version-history":[{"count":0,"href":"https:\/\/makomasci.com\/en\/wp-json\/wp\/v2\/product\/6038\/revisions"}],"wp:featuredmedia":[{"embeddable":true,"href":"https:\/\/makomasci.com\/en\/wp-json\/wp\/v2\/media\/6039"}],"wp:attachment":[{"href":"https:\/\/makomasci.com\/en\/wp-json\/wp\/v2\/media?parent=6038"}],"wp:term":[{"taxonomy":"product_brand","embeddable":true,"href":"https:\/\/makomasci.com\/en\/wp-json\/wp\/v2\/product_brand?post=6038"},{"taxonomy":"product_cat","embeddable":true,"href":"https:\/\/makomasci.com\/en\/wp-json\/wp\/v2\/product_cat?post=6038"},{"taxonomy":"product_tag","embeddable":true,"href":"https:\/\/makomasci.com\/en\/wp-json\/wp\/v2\/product_tag?post=6038"}],"curies":[{"name":"wp","href":"https:\/\/api.w.org\/{rel}","templated":true}]}}