{"id":6035,"date":"2025-10-13T17:58:53","date_gmt":"2025-10-13T17:58:53","guid":{"rendered":"https:\/\/makomasci.com\/?post_type=product&#038;p=6035"},"modified":"2025-10-22T18:43:42","modified_gmt":"2025-10-22T18:43:42","slug":"haricot-vert","status":"publish","type":"product","link":"https:\/\/makomasci.com\/en\/product\/haricot-vert\/","title":{"rendered":"Haricot Vert"},"content":{"rendered":"<p><span style=\"font-weight: 400;\">Le haricot vert, c\u2019est pas juste un l\u00e9gume, c\u2019est le petit invit\u00e9 qui met la sauce dans la sauce\u202f! En C\u00f4te d\u2019Ivoire, on le mijote tranquillement pour le savourer avec du pain, on le glisse dans les sauces l\u00e9gumes ou dans un riz gras bien parfum\u00e9. Croquant, vitamin\u00e9 et plein de go\u00fbt, il apporte la petite touche qui fait dire \u00ab\u202fWaouh\u202f!\u202f\u00bb. Avec le haricot vert Makomas, m\u00eame un repas de tous les jours devient un moment \u00e0 raconter.<\/span><\/p>","protected":false},"excerpt":{"rendered":"<p>Le haricot vert, c\u2019est pas juste un l\u00e9gume, c\u2019est le petit invit\u00e9 qui met la sauce dans la sauce\u202f! En<\/p>","protected":false},"featured_media":6036,"comment_status":"open","ping_status":"closed","template":"","meta":[],"product_brand":[],"product_cat":[142],"product_tag":[],"class_list":{"0":"post-6035","1":"product","2":"type-product","3":"status-publish","4":"has-post-thumbnail","6":"product_cat-fruits-et-legumes","7":"pa_taille-250g","9":"first","10":"instock","11":"shipping-taxable","12":"purchasable","13":"product-type-variable"},"_links":{"self":[{"href":"https:\/\/makomasci.com\/en\/wp-json\/wp\/v2\/product\/6035","targetHints":{"allow":["GET"]}}],"collection":[{"href":"https:\/\/makomasci.com\/en\/wp-json\/wp\/v2\/product"}],"about":[{"href":"https:\/\/makomasci.com\/en\/wp-json\/wp\/v2\/types\/product"}],"replies":[{"embeddable":true,"href":"https:\/\/makomasci.com\/en\/wp-json\/wp\/v2\/comments?post=6035"}],"version-history":[{"count":0,"href":"https:\/\/makomasci.com\/en\/wp-json\/wp\/v2\/product\/6035\/revisions"}],"wp:featuredmedia":[{"embeddable":true,"href":"https:\/\/makomasci.com\/en\/wp-json\/wp\/v2\/media\/6036"}],"wp:attachment":[{"href":"https:\/\/makomasci.com\/en\/wp-json\/wp\/v2\/media?parent=6035"}],"wp:term":[{"taxonomy":"product_brand","embeddable":true,"href":"https:\/\/makomasci.com\/en\/wp-json\/wp\/v2\/product_brand?post=6035"},{"taxonomy":"product_cat","embeddable":true,"href":"https:\/\/makomasci.com\/en\/wp-json\/wp\/v2\/product_cat?post=6035"},{"taxonomy":"product_tag","embeddable":true,"href":"https:\/\/makomasci.com\/en\/wp-json\/wp\/v2\/product_tag?post=6035"}],"curies":[{"name":"wp","href":"https:\/\/api.w.org\/{rel}","templated":true}]}}