{"id":6032,"date":"2025-10-13T17:55:48","date_gmt":"2025-10-13T17:55:48","guid":{"rendered":"https:\/\/makomasci.com\/?post_type=product&#038;p=6032"},"modified":"2026-02-24T22:55:53","modified_gmt":"2026-02-24T22:55:53","slug":"courgette","status":"publish","type":"product","link":"https:\/\/makomasci.com\/en\/product\/courgette\/","title":{"rendered":"Courgette"},"content":{"rendered":"<p><span style=\"font-weight: 400;\">La courgette, c\u2019est la petite star discr\u00e8te du march\u00e9. Douce mais pleine de caract\u00e8re, elle se glisse partout : saut\u00e9e, en sauce tomate, dans riz gras, ou m\u00eame mijot\u00e9 dans la sauce l\u00e9gume pour accompagner ton plat pr\u00e9f\u00e9r\u00e9. En C\u00f4te d\u2019Ivoire, elle fait partie des alli\u00e9s cuisine du quotidien\u00a0; l\u00e9g\u00e8re, rapide \u00e0 cuire, et toujours pr\u00eate \u00e0 relever le go\u00fbt. Et cerise sur le g\u00e2teau, elle est riche en fibres et vitamines, pour nourrir le corps et faire sourire le ventre. Avec la courgette Makomas, tu mets un peu de douceur verte dans ta vie, et \u00e7a change tout.<\/span><\/p>","protected":false},"excerpt":{"rendered":"<p>La courgette, c\u2019est la petite star discr\u00e8te du march\u00e9. Douce mais pleine de caract\u00e8re, elle se glisse partout : saut\u00e9e,<\/p>","protected":false},"featured_media":6033,"comment_status":"open","ping_status":"closed","template":"","meta":[],"product_brand":[],"product_cat":[142,242],"product_tag":[],"class_list":{"0":"post-6032","1":"product","2":"type-product","3":"status-publish","4":"has-post-thumbnail","6":"product_cat-fruits-et-legumes","7":"product_cat-promos","8":"pa_taille-500g","10":"first","11":"instock","12":"shipping-taxable","13":"purchasable","14":"product-type-variable"},"_links":{"self":[{"href":"https:\/\/makomasci.com\/en\/wp-json\/wp\/v2\/product\/6032","targetHints":{"allow":["GET"]}}],"collection":[{"href":"https:\/\/makomasci.com\/en\/wp-json\/wp\/v2\/product"}],"about":[{"href":"https:\/\/makomasci.com\/en\/wp-json\/wp\/v2\/types\/product"}],"replies":[{"embeddable":true,"href":"https:\/\/makomasci.com\/en\/wp-json\/wp\/v2\/comments?post=6032"}],"version-history":[{"count":1,"href":"https:\/\/makomasci.com\/en\/wp-json\/wp\/v2\/product\/6032\/revisions"}],"predecessor-version":[{"id":9585,"href":"https:\/\/makomasci.com\/en\/wp-json\/wp\/v2\/product\/6032\/revisions\/9585"}],"wp:featuredmedia":[{"embeddable":true,"href":"https:\/\/makomasci.com\/en\/wp-json\/wp\/v2\/media\/6033"}],"wp:attachment":[{"href":"https:\/\/makomasci.com\/en\/wp-json\/wp\/v2\/media?parent=6032"}],"wp:term":[{"taxonomy":"product_brand","embeddable":true,"href":"https:\/\/makomasci.com\/en\/wp-json\/wp\/v2\/product_brand?post=6032"},{"taxonomy":"product_cat","embeddable":true,"href":"https:\/\/makomasci.com\/en\/wp-json\/wp\/v2\/product_cat?post=6032"},{"taxonomy":"product_tag","embeddable":true,"href":"https:\/\/makomasci.com\/en\/wp-json\/wp\/v2\/product_tag?post=6032"}],"curies":[{"name":"wp","href":"https:\/\/api.w.org\/{rel}","templated":true}]}}