{"id":6005,"date":"2025-10-13T17:04:46","date_gmt":"2025-10-13T17:04:46","guid":{"rendered":"https:\/\/makomasci.com\/?post_type=product&#038;p=6005"},"modified":"2025-10-22T18:40:43","modified_gmt":"2025-10-22T18:40:43","slug":"feuille-doignon","status":"publish","type":"product","link":"https:\/\/makomasci.com\/en\/product\/feuille-doignon\/","title":{"rendered":"Feuille D\u2019oignon"},"content":{"rendered":"<p><span style=\"font-weight: 400;\">Les feuilles d\u2019oignon, c\u2019est ce petit secret de grand-m\u00e8re qui transforme une cuisine banale en cuisine qui \u201cmet le feu\u201d. Fines, tendres et parfum\u00e9es, elles viennent relever tes pr\u00e9parations sans forcer. On les utilise fra\u00eeches dans les soupes, les rago\u00fbts, les sauces, et m\u00eame en salade pour donner ce go\u00fbt vert, croquant et parfum\u00e9 qu\u2019on adore. Riches en vitamines et en fra\u00eecheur, elles ne sont pas juste un condiment : elles sont la touche finale, la cerise sur le g\u00e2teau version sauce ivoirienne. Avec les feuilles d\u2019oignon Makomas, ton plat ne fait pas seulement plaisir\u2026 il chante<\/span><\/p>","protected":false},"excerpt":{"rendered":"<p>Les feuilles d\u2019oignon, c\u2019est ce petit secret de grand-m\u00e8re qui transforme une cuisine banale en cuisine qui \u201cmet le feu\u201d.<\/p>","protected":false},"featured_media":6006,"comment_status":"open","ping_status":"closed","template":"","meta":[],"product_brand":[],"product_cat":[142],"product_tag":[],"class_list":{"0":"post-6005","1":"product","2":"type-product","3":"status-publish","4":"has-post-thumbnail","6":"product_cat-fruits-et-legumes","7":"pa_taille-la-grosse-botte","9":"first","10":"instock","11":"shipping-taxable","12":"purchasable","13":"product-type-variable"},"_links":{"self":[{"href":"https:\/\/makomasci.com\/en\/wp-json\/wp\/v2\/product\/6005","targetHints":{"allow":["GET"]}}],"collection":[{"href":"https:\/\/makomasci.com\/en\/wp-json\/wp\/v2\/product"}],"about":[{"href":"https:\/\/makomasci.com\/en\/wp-json\/wp\/v2\/types\/product"}],"replies":[{"embeddable":true,"href":"https:\/\/makomasci.com\/en\/wp-json\/wp\/v2\/comments?post=6005"}],"version-history":[{"count":0,"href":"https:\/\/makomasci.com\/en\/wp-json\/wp\/v2\/product\/6005\/revisions"}],"wp:featuredmedia":[{"embeddable":true,"href":"https:\/\/makomasci.com\/en\/wp-json\/wp\/v2\/media\/6006"}],"wp:attachment":[{"href":"https:\/\/makomasci.com\/en\/wp-json\/wp\/v2\/media?parent=6005"}],"wp:term":[{"taxonomy":"product_brand","embeddable":true,"href":"https:\/\/makomasci.com\/en\/wp-json\/wp\/v2\/product_brand?post=6005"},{"taxonomy":"product_cat","embeddable":true,"href":"https:\/\/makomasci.com\/en\/wp-json\/wp\/v2\/product_cat?post=6005"},{"taxonomy":"product_tag","embeddable":true,"href":"https:\/\/makomasci.com\/en\/wp-json\/wp\/v2\/product_tag?post=6005"}],"curies":[{"name":"wp","href":"https:\/\/api.w.org\/{rel}","templated":true}]}}