{"id":6001,"date":"2025-10-13T17:01:30","date_gmt":"2025-10-13T17:01:30","guid":{"rendered":"https:\/\/makomasci.com\/?post_type=product&#038;p=6001"},"modified":"2025-10-22T18:40:17","modified_gmt":"2025-10-22T18:40:17","slug":"poivron","status":"publish","type":"product","link":"https:\/\/makomasci.com\/en\/product\/poivron\/","title":{"rendered":"Poivron"},"content":{"rendered":"<p><span style=\"font-weight: 400;\">Le poivron, c\u2019est un peu le feu d\u2019artifice des l\u00e9gumes. Rouge, vert ou jaune, d\u00e8s qu\u2019il entre dans ta cuisine, \u00e7a devient color\u00e9, joyeux, comme un pagne bien tiss\u00e9. Chez nous, on le balance dans les sauces, on le met dans le riz gras, on le grille pour accompagner du poisson ou on le croque juste comme \u00e7a en salade. Mais ce n\u2019est pas que pour faire joli : le poivron est blind\u00e9 de vitamines qui boostent ton \u00e9nergie et renforcent ton corps. Avec le poivron Makomas, ton plat n\u2019est plus une simple assiette\u2026 c\u2019est une \u0153uvre d\u2019art qui se mange.<\/span><\/p>","protected":false},"excerpt":{"rendered":"<p>Le poivron, c\u2019est un peu le feu d\u2019artifice des l\u00e9gumes. Rouge, vert ou jaune, d\u00e8s qu\u2019il entre dans ta cuisine,<\/p>","protected":false},"featured_media":6002,"comment_status":"open","ping_status":"closed","template":"","meta":[],"product_brand":[],"product_cat":[142],"product_tag":[],"class_list":{"0":"post-6001","1":"product","2":"type-product","3":"status-publish","4":"has-post-thumbnail","6":"product_cat-fruits-et-legumes","7":"pa_taille-208","9":"first","10":"instock","11":"shipping-taxable","12":"purchasable","13":"product-type-variable"},"_links":{"self":[{"href":"https:\/\/makomasci.com\/en\/wp-json\/wp\/v2\/product\/6001","targetHints":{"allow":["GET"]}}],"collection":[{"href":"https:\/\/makomasci.com\/en\/wp-json\/wp\/v2\/product"}],"about":[{"href":"https:\/\/makomasci.com\/en\/wp-json\/wp\/v2\/types\/product"}],"replies":[{"embeddable":true,"href":"https:\/\/makomasci.com\/en\/wp-json\/wp\/v2\/comments?post=6001"}],"version-history":[{"count":0,"href":"https:\/\/makomasci.com\/en\/wp-json\/wp\/v2\/product\/6001\/revisions"}],"wp:featuredmedia":[{"embeddable":true,"href":"https:\/\/makomasci.com\/en\/wp-json\/wp\/v2\/media\/6002"}],"wp:attachment":[{"href":"https:\/\/makomasci.com\/en\/wp-json\/wp\/v2\/media?parent=6001"}],"wp:term":[{"taxonomy":"product_brand","embeddable":true,"href":"https:\/\/makomasci.com\/en\/wp-json\/wp\/v2\/product_brand?post=6001"},{"taxonomy":"product_cat","embeddable":true,"href":"https:\/\/makomasci.com\/en\/wp-json\/wp\/v2\/product_cat?post=6001"},{"taxonomy":"product_tag","embeddable":true,"href":"https:\/\/makomasci.com\/en\/wp-json\/wp\/v2\/product_tag?post=6001"}],"curies":[{"name":"wp","href":"https:\/\/api.w.org\/{rel}","templated":true}]}}