{"id":5993,"date":"2025-10-13T16:54:19","date_gmt":"2025-10-13T16:54:19","guid":{"rendered":"https:\/\/makomasci.com\/?post_type=product&#038;p=5993"},"modified":"2025-11-11T14:54:18","modified_gmt":"2025-11-11T14:54:18","slug":"chou","status":"publish","type":"product","link":"https:\/\/makomasci.com\/en\/product\/chou\/","title":{"rendered":"Chou"},"content":{"rendered":"<p><span style=\"font-weight: 400;\">Le chou, c\u2019est un vrai cam\u00e9l\u00e9on de nos cuisines. Tu le mets dans la sauce tomate ? \u00c7a glisse bien. Dans le riz gras ? \u00c7a croque comme il faut. M\u00eame dans condiment de l\u2019atti\u00e9k\u00e9-poisson remix\u00e9 du coin, il trouve toujours sa place. En C\u00f4te d\u2019Ivoire, on l\u2019aime mijot\u00e9, saut\u00e9, en salade fra\u00eeche ou m\u00e9lang\u00e9 avec carotte et oignon pour accompagner le riz gras du dimanche. Et puis faut pas oublier : le chou, c\u2019est pas que pour remplir l\u2019assiette, il est aussi charg\u00e9 de vitamines qui donnent force et fra\u00eecheur. Avec le chou Makomas, ton plat prend volume, go\u00fbt et sant\u00e9\u2026 en mode gros dossier !<\/span><\/p>","protected":false},"excerpt":{"rendered":"<p>Le chou, c\u2019est un vrai cam\u00e9l\u00e9on de nos cuisines. Tu le mets dans la sauce tomate ? \u00c7a glisse bien.<\/p>","protected":false},"featured_media":5994,"comment_status":"open","ping_status":"closed","template":"","meta":[],"product_brand":[],"product_cat":[142,242],"product_tag":[],"class_list":{"0":"post-5993","1":"product","2":"type-product","3":"status-publish","4":"has-post-thumbnail","6":"product_cat-fruits-et-legumes","7":"product_cat-promos","8":"pa_taille-1kg","9":"pa_taille-500g","11":"first","12":"instock","13":"shipping-taxable","14":"purchasable","15":"product-type-variable"},"_links":{"self":[{"href":"https:\/\/makomasci.com\/en\/wp-json\/wp\/v2\/product\/5993","targetHints":{"allow":["GET"]}}],"collection":[{"href":"https:\/\/makomasci.com\/en\/wp-json\/wp\/v2\/product"}],"about":[{"href":"https:\/\/makomasci.com\/en\/wp-json\/wp\/v2\/types\/product"}],"replies":[{"embeddable":true,"href":"https:\/\/makomasci.com\/en\/wp-json\/wp\/v2\/comments?post=5993"}],"version-history":[{"count":0,"href":"https:\/\/makomasci.com\/en\/wp-json\/wp\/v2\/product\/5993\/revisions"}],"wp:featuredmedia":[{"embeddable":true,"href":"https:\/\/makomasci.com\/en\/wp-json\/wp\/v2\/media\/5994"}],"wp:attachment":[{"href":"https:\/\/makomasci.com\/en\/wp-json\/wp\/v2\/media?parent=5993"}],"wp:term":[{"taxonomy":"product_brand","embeddable":true,"href":"https:\/\/makomasci.com\/en\/wp-json\/wp\/v2\/product_brand?post=5993"},{"taxonomy":"product_cat","embeddable":true,"href":"https:\/\/makomasci.com\/en\/wp-json\/wp\/v2\/product_cat?post=5993"},{"taxonomy":"product_tag","embeddable":true,"href":"https:\/\/makomasci.com\/en\/wp-json\/wp\/v2\/product_tag?post=5993"}],"curies":[{"name":"wp","href":"https:\/\/api.w.org\/{rel}","templated":true}]}}