{"id":5855,"date":"2025-10-13T13:02:43","date_gmt":"2025-10-13T13:02:43","guid":{"rendered":"https:\/\/makomasci.com\/?post_type=product&#038;p=5855"},"modified":"2025-10-23T15:58:27","modified_gmt":"2025-10-23T15:58:27","slug":"chips-de-bananes-non-mures","status":"publish","type":"product","link":"https:\/\/makomasci.com\/en\/product\/chips-de-bananes-non-mures\/","title":{"rendered":"Chips De Bananes Non-M\u00fbres"},"content":{"rendered":"<p>Les chips de banane Makomas, c\u2019est le snack qui te fait craquer d\u00e8s la premi\u00e8re bouch\u00e9e. Fines, dor\u00e9es et bien croustillantes, elles apportent un go\u00fbt naturellement exquis avec juste ce qu\u2019il faut de croquant pour te rendre accro.<\/p>\n<p>Parfaites pour les pauses entre cours, le boulot ou le chill entre amis. Un petit creux\u202f? Pas de souci, elles sont l\u00e0 pour te sauver la mise, et elles ne jugent pas si tu finis le paquet tout seul.<\/p>\n<p>100\u202f% naturel, sans additifs ni conservateurs, juste le plaisir pur de la banane, transform\u00e9 en snack gourmand et l\u00e9ger. Bref, croustillant, sucr\u00e9, et tellement irr\u00e9sistible que tu vas en redemander.<\/p>","protected":false},"excerpt":{"rendered":"<p>Les chips de banane Makomas, c\u2019est le snack qui te fait craquer d\u00e8s la premi\u00e8re bouch\u00e9e. Fines, dor\u00e9es et bien<\/p>","protected":false},"featured_media":5860,"comment_status":"open","ping_status":"closed","template":"","meta":[],"product_brand":[],"product_cat":[129],"product_tag":[],"class_list":{"0":"post-5855","1":"product","2":"type-product","3":"status-publish","4":"has-post-thumbnail","6":"product_cat-gourmandises-petits-dejeuners-gouters","7":"pa_taille-grand-format","8":"pa_taille-moyen-format","9":"pa_taille-petit-format","11":"first","12":"instock","13":"shipping-taxable","14":"purchasable","15":"product-type-variable"},"_links":{"self":[{"href":"https:\/\/makomasci.com\/en\/wp-json\/wp\/v2\/product\/5855","targetHints":{"allow":["GET"]}}],"collection":[{"href":"https:\/\/makomasci.com\/en\/wp-json\/wp\/v2\/product"}],"about":[{"href":"https:\/\/makomasci.com\/en\/wp-json\/wp\/v2\/types\/product"}],"replies":[{"embeddable":true,"href":"https:\/\/makomasci.com\/en\/wp-json\/wp\/v2\/comments?post=5855"}],"version-history":[{"count":0,"href":"https:\/\/makomasci.com\/en\/wp-json\/wp\/v2\/product\/5855\/revisions"}],"wp:featuredmedia":[{"embeddable":true,"href":"https:\/\/makomasci.com\/en\/wp-json\/wp\/v2\/media\/5860"}],"wp:attachment":[{"href":"https:\/\/makomasci.com\/en\/wp-json\/wp\/v2\/media?parent=5855"}],"wp:term":[{"taxonomy":"product_brand","embeddable":true,"href":"https:\/\/makomasci.com\/en\/wp-json\/wp\/v2\/product_brand?post=5855"},{"taxonomy":"product_cat","embeddable":true,"href":"https:\/\/makomasci.com\/en\/wp-json\/wp\/v2\/product_cat?post=5855"},{"taxonomy":"product_tag","embeddable":true,"href":"https:\/\/makomasci.com\/en\/wp-json\/wp\/v2\/product_tag?post=5855"}],"curies":[{"name":"wp","href":"https:\/\/api.w.org\/{rel}","templated":true}]}}