{"id":5259,"date":"2025-10-09T12:41:01","date_gmt":"2025-10-09T12:41:01","guid":{"rendered":"https:\/\/makomasci.com\/?post_type=product&#038;p=5259"},"modified":"2025-10-24T12:13:28","modified_gmt":"2025-10-24T12:13:28","slug":"gingembre-frais","status":"publish","type":"product","link":"https:\/\/makomasci.com\/en\/product\/gingembre-frais\/","title":{"rendered":"Gingembre Frais"},"content":{"rendered":"<p>Le gingembre frais Makomas, c\u2019est la racine magique qui r\u00e9veille tout ! Avec son parfum fort et sa saveur piquante, il donne du caract\u00e8re \u00e0 tes plats, tes sauces, tes jus et m\u00eame tes tisanes.<br \/>\nDans la cuisine ivoirienne, c\u2019est un indispensable : on le retrouve dans les marinades, les soupes, le garba revisit\u00e9, ou pour booster le go\u00fbt d\u2019un jus de bissap ou d\u2019une tisane maison.<\/p>\n<p>Mais ce n\u2019est pas tout ! Le gingembre est aussi un vrai alli\u00e9 sant\u00e9 : il aide la digestion, renforce l\u2019immunit\u00e9, lutte contre la fatigue et a m\u00eame des vertus aphrodisiaques (c\u2019est pas dohi hein).<\/p>\n<p>Avec Makomas, le gingembre, c\u2019est pas juste une \u00e9pice\u00a0; c\u2019est la racine qui donne go\u00fbt, force et vitalit\u00e9 \u00e0 ta journ\u00e9e.<\/p>\n<p>Piquant naturel \u2013 Tonus \u2013 Digestion \u2013 Saveur authentique<\/p>","protected":false},"excerpt":{"rendered":"<p>Le gingembre frais Makomas, c\u2019est la racine magique qui r\u00e9veille tout ! Avec son parfum fort et sa saveur piquante,<\/p>","protected":false},"featured_media":5260,"comment_status":"open","ping_status":"closed","template":"","meta":[],"product_brand":[],"product_cat":[123],"product_tag":[],"class_list":{"0":"post-5259","1":"product","2":"type-product","3":"status-publish","4":"has-post-thumbnail","6":"product_cat-epices-condiments","7":"pa_taille-1kg","8":"pa_taille-500g","10":"first","11":"instock","12":"shipping-taxable","13":"purchasable","14":"product-type-variable"},"_links":{"self":[{"href":"https:\/\/makomasci.com\/en\/wp-json\/wp\/v2\/product\/5259","targetHints":{"allow":["GET"]}}],"collection":[{"href":"https:\/\/makomasci.com\/en\/wp-json\/wp\/v2\/product"}],"about":[{"href":"https:\/\/makomasci.com\/en\/wp-json\/wp\/v2\/types\/product"}],"replies":[{"embeddable":true,"href":"https:\/\/makomasci.com\/en\/wp-json\/wp\/v2\/comments?post=5259"}],"version-history":[{"count":0,"href":"https:\/\/makomasci.com\/en\/wp-json\/wp\/v2\/product\/5259\/revisions"}],"wp:featuredmedia":[{"embeddable":true,"href":"https:\/\/makomasci.com\/en\/wp-json\/wp\/v2\/media\/5260"}],"wp:attachment":[{"href":"https:\/\/makomasci.com\/en\/wp-json\/wp\/v2\/media?parent=5259"}],"wp:term":[{"taxonomy":"product_brand","embeddable":true,"href":"https:\/\/makomasci.com\/en\/wp-json\/wp\/v2\/product_brand?post=5259"},{"taxonomy":"product_cat","embeddable":true,"href":"https:\/\/makomasci.com\/en\/wp-json\/wp\/v2\/product_cat?post=5259"},{"taxonomy":"product_tag","embeddable":true,"href":"https:\/\/makomasci.com\/en\/wp-json\/wp\/v2\/product_tag?post=5259"}],"curies":[{"name":"wp","href":"https:\/\/api.w.org\/{rel}","templated":true}]}}