{"id":5254,"date":"2025-10-09T12:21:38","date_gmt":"2025-10-09T12:21:38","guid":{"rendered":"https:\/\/makomasci.com\/?post_type=product&#038;p=5254"},"modified":"2025-10-24T12:10:14","modified_gmt":"2025-10-24T12:10:14","slug":"petits-oignons","status":"publish","type":"product","link":"https:\/\/makomasci.com\/en\/product\/petits-oignons\/","title":{"rendered":"Petits Oignons"},"content":{"rendered":"<p><span style=\"font-weight: 400;\">L\u2019oignon Makomas vient tout droit de nos champs, bien frais et parfum\u00e9. Qu\u2019il soit rouge, blanc ou jaune, il apporte toujours cette touche magique qui transforme une sauce en festin. En C\u00f4te d\u2019Ivoire, on l\u2019utilise dans presque toutes les pr\u00e9parations\u202f: sauces, grillades, salades, garba, plats mijot\u00e9s, bouillons ou m\u00eame grill\u00e9 pour relever un plat. Coup\u00e9, hach\u00e9 ou mix\u00e9, il lib\u00e8re une odeur qui fait saliver avant m\u00eame de go\u00fbter. L\u2019oignon est aussi un alli\u00e9 pour la sant\u00e9\u202f: il aide \u00e0 renforcer le syst\u00e8me immunitaire et est bon pour le c\u0153ur.<\/span><\/p>","protected":false},"excerpt":{"rendered":"<p>L\u2019oignon Makomas vient tout droit de nos champs, bien frais et parfum\u00e9. Qu\u2019il soit rouge, blanc ou jaune, il apporte<\/p>","protected":false},"featured_media":5256,"comment_status":"open","ping_status":"closed","template":"","meta":[],"product_brand":[],"product_cat":[164],"product_tag":[],"class_list":{"0":"post-5254","1":"product","2":"type-product","3":"status-publish","4":"has-post-thumbnail","6":"product_cat-oignon","7":"pa_taille-le-tas","9":"first","10":"instock","11":"shipping-taxable","12":"purchasable","13":"product-type-variable"},"_links":{"self":[{"href":"https:\/\/makomasci.com\/en\/wp-json\/wp\/v2\/product\/5254","targetHints":{"allow":["GET"]}}],"collection":[{"href":"https:\/\/makomasci.com\/en\/wp-json\/wp\/v2\/product"}],"about":[{"href":"https:\/\/makomasci.com\/en\/wp-json\/wp\/v2\/types\/product"}],"replies":[{"embeddable":true,"href":"https:\/\/makomasci.com\/en\/wp-json\/wp\/v2\/comments?post=5254"}],"version-history":[{"count":0,"href":"https:\/\/makomasci.com\/en\/wp-json\/wp\/v2\/product\/5254\/revisions"}],"wp:featuredmedia":[{"embeddable":true,"href":"https:\/\/makomasci.com\/en\/wp-json\/wp\/v2\/media\/5256"}],"wp:attachment":[{"href":"https:\/\/makomasci.com\/en\/wp-json\/wp\/v2\/media?parent=5254"}],"wp:term":[{"taxonomy":"product_brand","embeddable":true,"href":"https:\/\/makomasci.com\/en\/wp-json\/wp\/v2\/product_brand?post=5254"},{"taxonomy":"product_cat","embeddable":true,"href":"https:\/\/makomasci.com\/en\/wp-json\/wp\/v2\/product_cat?post=5254"},{"taxonomy":"product_tag","embeddable":true,"href":"https:\/\/makomasci.com\/en\/wp-json\/wp\/v2\/product_tag?post=5254"}],"curies":[{"name":"wp","href":"https:\/\/api.w.org\/{rel}","templated":true}]}}