{"id":5199,"date":"2025-10-08T18:29:42","date_gmt":"2025-10-08T18:29:42","guid":{"rendered":"https:\/\/makomasci.com\/?post_type=product&#038;p=5199"},"modified":"2025-10-22T19:12:05","modified_gmt":"2025-10-22T19:12:05","slug":"noix-de-kola","status":"publish","type":"product","link":"https:\/\/makomasci.com\/en\/product\/noix-de-kola\/","title":{"rendered":"Noix De Kola"},"content":{"rendered":"<p>Ahhh la noix de cola MAKOMAS, \u00e7a l\u00e0 c\u2019est pas seulement un fruit, c\u2019est tout un rituel, un langage, une affaire de respect en Afrique.<br \/>\nLes vieux la croquent brute, nature-nature, avec son go\u00fbt amer qui r\u00e9veille direct le cerveau. C\u2019est le fruit qu\u2019on offre aux anciens dans les c\u00e9r\u00e9monies traditionnelles, qu\u2019on pr\u00e9sente aux invit\u00e9s comme signe de bienvenue. Dans certaines cultures (les nordistes), c\u2019est m\u00eame l\u2019indispensable pour sceller une alliance, un mariage, ou demander pardon. Bref, la noix de kola, c\u2019est le fruit ambassadeur !<br \/>\nC\u00f4t\u00e9 vertus : riche en caf\u00e9ine, la noix de cola booste l\u2019\u00e9nergie, lutte contre la fatigue et aide \u00e0 dig\u00e9rer.<br \/>\nEn gros, la noix de cola c\u2019est le fruit qui ne se mange pas pour la gourmandise, mais pour la force, la parole et le lien social. Elle r\u00e9unit, elle apaise, et elle rappelle qu\u2019ici, on ne vit jamais seul : on partage toujours.<\/p>","protected":false},"excerpt":{"rendered":"<p>Ahhh la noix de cola MAKOMAS, \u00e7a l\u00e0 c\u2019est pas seulement un fruit, c\u2019est tout un rituel, un langage, une<\/p>","protected":false},"featured_media":5223,"comment_status":"closed","ping_status":"closed","template":"","meta":[],"product_brand":[],"product_cat":[160],"product_tag":[],"class_list":{"0":"post-5199","1":"product","2":"type-product","3":"status-publish","4":"has-post-thumbnail","6":"product_cat-fruits-locaux-traditionnels","7":"pa_taille-1kg","8":"pa_taille-500g","10":"first","11":"instock","12":"shipping-taxable","13":"purchasable","14":"product-type-variable"},"_links":{"self":[{"href":"https:\/\/makomasci.com\/en\/wp-json\/wp\/v2\/product\/5199","targetHints":{"allow":["GET"]}}],"collection":[{"href":"https:\/\/makomasci.com\/en\/wp-json\/wp\/v2\/product"}],"about":[{"href":"https:\/\/makomasci.com\/en\/wp-json\/wp\/v2\/types\/product"}],"replies":[{"embeddable":true,"href":"https:\/\/makomasci.com\/en\/wp-json\/wp\/v2\/comments?post=5199"}],"version-history":[{"count":0,"href":"https:\/\/makomasci.com\/en\/wp-json\/wp\/v2\/product\/5199\/revisions"}],"wp:featuredmedia":[{"embeddable":true,"href":"https:\/\/makomasci.com\/en\/wp-json\/wp\/v2\/media\/5223"}],"wp:attachment":[{"href":"https:\/\/makomasci.com\/en\/wp-json\/wp\/v2\/media?parent=5199"}],"wp:term":[{"taxonomy":"product_brand","embeddable":true,"href":"https:\/\/makomasci.com\/en\/wp-json\/wp\/v2\/product_brand?post=5199"},{"taxonomy":"product_cat","embeddable":true,"href":"https:\/\/makomasci.com\/en\/wp-json\/wp\/v2\/product_cat?post=5199"},{"taxonomy":"product_tag","embeddable":true,"href":"https:\/\/makomasci.com\/en\/wp-json\/wp\/v2\/product_tag?post=5199"}],"curies":[{"name":"wp","href":"https:\/\/api.w.org\/{rel}","templated":true}]}}