{"id":5194,"date":"2025-10-08T18:29:42","date_gmt":"2025-10-08T18:29:42","guid":{"rendered":"https:\/\/makomasci.com\/?post_type=product&#038;p=5194"},"modified":"2025-10-22T19:06:18","modified_gmt":"2025-10-22T19:06:18","slug":"mandarine","status":"publish","type":"product","link":"https:\/\/makomasci.com\/en\/product\/mandarine\/","title":{"rendered":"Mandarine"},"content":{"rendered":"<p><span style=\"font-weight: 400;\">La mandarine, c\u2019est la petite s\u0153ur sexy de l\u2019orange. Plus petite, plus douce, plus facile \u00e0 \u00e9plucher\u2026 bref, c\u2019est le fruit \u00ab\u00a0sans bruit\u00a0\u00bb. Ici en C\u00f4te d\u2019Ivoire, on la mange nature \u00e0 tout moment de la journ\u00e9e, surtout en mode \u00ab\u00a0go\u00fbter d\u2019\u00e9cole\u00a0\u00bb ou \u00ab\u00a0pause chauffeur de gbaka\u00a0\u00bb. Pas besoin de couteau, tu ouvres, tu piques, tu savoures.<\/span><\/p>\n<p><span style=\"font-weight: 400;\">On en fait aussi du jus frais (encore plus parfum\u00e9 que l\u2019orange), des confitures, ou m\u00eame des desserts l\u00e9gers. Et puis ses zestes, humm\u2026 \u00e7a parfume les g\u00e2teaux, les tisanes et m\u00eame certains cocktails maison.<\/span><\/p>\n<p><span style=\"font-weight: 400;\">C\u00f4t\u00e9 vertus ? La mandarine regorge de vitamine C, booste l\u2019\u00e9nergie, fait du bien \u00e0 la peau, et surtout, elle met tout le monde d\u2019accord. M\u00eame celui qui fait genre \u00ab\u00a0il n\u2019aime pas les fruits\u00a0\u00bb, il finit par piocher une ou deux mandarines quand \u00e7a tra\u00eene sur la table.<\/span><\/p>","protected":false},"excerpt":{"rendered":"<p>La mandarine, c\u2019est la petite s\u0153ur sexy de l\u2019orange. Plus petite, plus douce, plus facile \u00e0 \u00e9plucher\u2026 bref, c\u2019est le<\/p>","protected":false},"featured_media":5217,"comment_status":"closed","ping_status":"closed","template":"","meta":[],"product_brand":[],"product_cat":[159],"product_tag":[],"class_list":{"0":"post-5194","1":"product","2":"type-product","3":"status-publish","4":"has-post-thumbnail","6":"product_cat-agrumes","7":"pa_taille-1kg","9":"first","10":"instock","11":"shipping-taxable","12":"purchasable","13":"product-type-variable"},"_links":{"self":[{"href":"https:\/\/makomasci.com\/en\/wp-json\/wp\/v2\/product\/5194","targetHints":{"allow":["GET"]}}],"collection":[{"href":"https:\/\/makomasci.com\/en\/wp-json\/wp\/v2\/product"}],"about":[{"href":"https:\/\/makomasci.com\/en\/wp-json\/wp\/v2\/types\/product"}],"replies":[{"embeddable":true,"href":"https:\/\/makomasci.com\/en\/wp-json\/wp\/v2\/comments?post=5194"}],"version-history":[{"count":0,"href":"https:\/\/makomasci.com\/en\/wp-json\/wp\/v2\/product\/5194\/revisions"}],"wp:featuredmedia":[{"embeddable":true,"href":"https:\/\/makomasci.com\/en\/wp-json\/wp\/v2\/media\/5217"}],"wp:attachment":[{"href":"https:\/\/makomasci.com\/en\/wp-json\/wp\/v2\/media?parent=5194"}],"wp:term":[{"taxonomy":"product_brand","embeddable":true,"href":"https:\/\/makomasci.com\/en\/wp-json\/wp\/v2\/product_brand?post=5194"},{"taxonomy":"product_cat","embeddable":true,"href":"https:\/\/makomasci.com\/en\/wp-json\/wp\/v2\/product_cat?post=5194"},{"taxonomy":"product_tag","embeddable":true,"href":"https:\/\/makomasci.com\/en\/wp-json\/wp\/v2\/product_tag?post=5194"}],"curies":[{"name":"wp","href":"https:\/\/api.w.org\/{rel}","templated":true}]}}