{"id":5189,"date":"2025-10-08T18:22:24","date_gmt":"2025-10-08T18:22:24","guid":{"rendered":"https:\/\/makomasci.com\/?post_type=product&#038;p=5189"},"modified":"2025-10-22T19:08:23","modified_gmt":"2025-10-22T19:08:23","slug":"pasteque","status":"publish","type":"product","link":"https:\/\/makomasci.com\/en\/product\/pasteque\/","title":{"rendered":"Past\u00e8que"},"content":{"rendered":"<p><span style=\"font-weight: 400;\">Tu sais, quand tu roules sur l\u2019axe Yamoussoukro\u2013Bouak\u00e9 ou Abidjan\u2013Bassam, tu vois toujours ces montagnes de past\u00e8ques align\u00e9es au bord de la route. Impossible de r\u00e9sister : tu t\u2019arr\u00eates, tu choisis la plus grosse, et hop, direction maison pour partager en famille.<\/span><\/p>\n<p><span style=\"font-weight: 400;\">On la consomme surtout nature, bien fra\u00eeche, d\u00e9coup\u00e9e en grosses tranches g\u00e9n\u00e9reuses. Quand il fait chaud, rien ne bat ce jus sucr\u00e9 qui coule jusque sur les doigts. Les enfants adorent \u00e7a, et m\u00eame les adultes deviennent de grands enfants devant une belle past\u00e8que. Elle se retrouve aussi en jus glac\u00e9, en salade de fruits ou carr\u00e9ment en morceaux dans le frigo pour grignoter \u00e0 tout moment. Certains plus audacieux la mixent avec un peu de menthe et de citron pour une boisson digne des grands h\u00f4tels, mais toujours avec ce go\u00fbt de \u201cchez nous\u201d.<\/span><\/p>\n<p><span style=\"font-weight: 400;\">Et niveau vertus, la past\u00e8que, c\u2019est la championne de l\u2019hydratation : plus de 90 % d\u2019eau, donc elle rafra\u00eechit, elle nettoie le corps et elle aide m\u00eame \u00e0 garder une belle peau. Riche en vitamines et en antioxydants, c\u2019est l\u2019amie des reins, du c\u0153ur et de la bonne humeur.<\/span><\/p>","protected":false},"excerpt":{"rendered":"<p>Tu sais, quand tu roules sur l\u2019axe Yamoussoukro\u2013Bouak\u00e9 ou Abidjan\u2013Bassam, tu vois toujours ces montagnes de past\u00e8ques align\u00e9es au bord<\/p>","protected":false},"featured_media":5190,"comment_status":"open","ping_status":"closed","template":"","meta":[],"product_brand":[],"product_cat":[158],"product_tag":[],"class_list":{"0":"post-5189","1":"product","2":"type-product","3":"status-publish","4":"has-post-thumbnail","6":"product_cat-fruits-deau-et-de-saison","7":"pa_taille-1kg","9":"first","10":"instock","11":"shipping-taxable","12":"purchasable","13":"product-type-variable"},"_links":{"self":[{"href":"https:\/\/makomasci.com\/en\/wp-json\/wp\/v2\/product\/5189","targetHints":{"allow":["GET"]}}],"collection":[{"href":"https:\/\/makomasci.com\/en\/wp-json\/wp\/v2\/product"}],"about":[{"href":"https:\/\/makomasci.com\/en\/wp-json\/wp\/v2\/types\/product"}],"replies":[{"embeddable":true,"href":"https:\/\/makomasci.com\/en\/wp-json\/wp\/v2\/comments?post=5189"}],"version-history":[{"count":0,"href":"https:\/\/makomasci.com\/en\/wp-json\/wp\/v2\/product\/5189\/revisions"}],"wp:featuredmedia":[{"embeddable":true,"href":"https:\/\/makomasci.com\/en\/wp-json\/wp\/v2\/media\/5190"}],"wp:attachment":[{"href":"https:\/\/makomasci.com\/en\/wp-json\/wp\/v2\/media?parent=5189"}],"wp:term":[{"taxonomy":"product_brand","embeddable":true,"href":"https:\/\/makomasci.com\/en\/wp-json\/wp\/v2\/product_brand?post=5189"},{"taxonomy":"product_cat","embeddable":true,"href":"https:\/\/makomasci.com\/en\/wp-json\/wp\/v2\/product_cat?post=5189"},{"taxonomy":"product_tag","embeddable":true,"href":"https:\/\/makomasci.com\/en\/wp-json\/wp\/v2\/product_tag?post=5189"}],"curies":[{"name":"wp","href":"https:\/\/api.w.org\/{rel}","templated":true}]}}