{"id":5150,"date":"2025-10-08T17:42:52","date_gmt":"2025-10-08T17:42:52","guid":{"rendered":"https:\/\/makomasci.com\/?post_type=product&#038;p=5150"},"modified":"2025-10-22T18:59:11","modified_gmt":"2025-10-22T18:59:11","slug":"avocat","status":"publish","type":"product","link":"https:\/\/makomasci.com\/en\/product\/avocat\/","title":{"rendered":"Avocat"},"content":{"rendered":"<p><span style=\"font-weight: 400;\">L\u2019avocat MAKOMAS, c\u2019est pas juste un fruit, c\u2019est un incontournable du quotidien. On le mange nature, on le coupe en tranches pour une salade fra\u00eeche, on le r\u00e9duit en pur\u00e9e\u00a0; c\u2019est le petit bonheur simple qui fait sourire l\u2019assiette. Mais attention, il ne se limite pas \u00e0 \u00e7a\u202f! il se transforme en guacamole pour ambiancer les soir\u00e9es, s\u2019invite en toast styl\u00e9 pour un petit-d\u00e9j de champion, se mixe en smoothie velout\u00e9, se glisse dans sandwichs ou salades pour une touche gourmande. Il accompagne pain, atti\u00e9k\u00e9 ou bouillie d\u2019igname. C\u00f4t\u00e9 bienfaits, l\u2019avocat c\u2019est de l\u2019or\u202f: plein de bonnes graisses, de vitamines et d\u2019antioxydants qui bichonnent ton c\u0153ur et ta peau et tes cheveux. Bref, l\u2019avocat Makomas, c\u2019est l\u2019ami qui rend la vie plus douce et plus savoureuse.<\/span><\/p>","protected":false},"excerpt":{"rendered":"<p>L\u2019avocat MAKOMAS, c\u2019est pas juste un fruit, c\u2019est un incontournable du quotidien. On le mange nature, on le coupe en<\/p>","protected":false},"featured_media":5183,"comment_status":"closed","ping_status":"closed","template":"","meta":[],"product_brand":[],"product_cat":[157],"product_tag":[],"class_list":{"0":"post-5150","1":"product","2":"type-product","3":"status-publish","4":"has-post-thumbnail","6":"product_cat-fruits-tropicaux-courants","7":"pa_taille-1-pcs","8":"pa_taille-1kg","10":"first","11":"instock","12":"shipping-taxable","13":"purchasable","14":"product-type-variable"},"_links":{"self":[{"href":"https:\/\/makomasci.com\/en\/wp-json\/wp\/v2\/product\/5150","targetHints":{"allow":["GET"]}}],"collection":[{"href":"https:\/\/makomasci.com\/en\/wp-json\/wp\/v2\/product"}],"about":[{"href":"https:\/\/makomasci.com\/en\/wp-json\/wp\/v2\/types\/product"}],"replies":[{"embeddable":true,"href":"https:\/\/makomasci.com\/en\/wp-json\/wp\/v2\/comments?post=5150"}],"version-history":[{"count":0,"href":"https:\/\/makomasci.com\/en\/wp-json\/wp\/v2\/product\/5150\/revisions"}],"wp:featuredmedia":[{"embeddable":true,"href":"https:\/\/makomasci.com\/en\/wp-json\/wp\/v2\/media\/5183"}],"wp:attachment":[{"href":"https:\/\/makomasci.com\/en\/wp-json\/wp\/v2\/media?parent=5150"}],"wp:term":[{"taxonomy":"product_brand","embeddable":true,"href":"https:\/\/makomasci.com\/en\/wp-json\/wp\/v2\/product_brand?post=5150"},{"taxonomy":"product_cat","embeddable":true,"href":"https:\/\/makomasci.com\/en\/wp-json\/wp\/v2\/product_cat?post=5150"},{"taxonomy":"product_tag","embeddable":true,"href":"https:\/\/makomasci.com\/en\/wp-json\/wp\/v2\/product_tag?post=5150"}],"curies":[{"name":"wp","href":"https:\/\/api.w.org\/{rel}","templated":true}]}}