{"id":5147,"date":"2025-10-08T17:42:52","date_gmt":"2025-10-08T17:42:52","guid":{"rendered":"https:\/\/makomasci.com\/?post_type=product&#038;p=5147"},"modified":"2025-10-22T18:56:54","modified_gmt":"2025-10-22T18:56:54","slug":"corossol","status":"publish","type":"product","link":"https:\/\/makomasci.com\/en\/product\/corossol\/","title":{"rendered":"Corossol"},"content":{"rendered":"<p><span style=\"font-weight: 400;\">Le corossol MAKOMAS, c\u2019est ce fruit qui a le don de te transporter direct au paradis du go\u00fbt. Avec sa pulpe blanche, tendre et parfum\u00e9e, il se d\u00e9guste nature, en smoothie, ou mix\u00e9 pour un jus doux comme un c\u00e2lin. Un vrai d\u00e9lice qui se pr\u00eate \u00e0 mille envies : en coupe fra\u00eeche pour se rafra\u00eechir, en dessert glac\u00e9 pour se faire plaisir, ou m\u00eame dans une confiture maison qui qui fait plaisir. Et bonus\u202f: il est riche en fibres et en vitamine C, parfait pour booster ton \u00e9nergie et garder la forme. Le corossol, c\u2019est l\u2019ivresse gourmande et saine made in nature<\/span><\/p>","protected":false},"excerpt":{"rendered":"<p>Le corossol MAKOMAS, c\u2019est ce fruit qui a le don de te transporter direct au paradis du go\u00fbt. Avec sa<\/p>","protected":false},"featured_media":5179,"comment_status":"closed","ping_status":"closed","template":"","meta":[],"product_brand":[],"product_cat":[157],"product_tag":[],"class_list":{"0":"post-5147","1":"product","2":"type-product","3":"status-publish","4":"has-post-thumbnail","6":"product_cat-fruits-tropicaux-courants","7":"pa_taille-1kg","9":"first","10":"instock","11":"shipping-taxable","12":"purchasable","13":"product-type-variable"},"_links":{"self":[{"href":"https:\/\/makomasci.com\/en\/wp-json\/wp\/v2\/product\/5147","targetHints":{"allow":["GET"]}}],"collection":[{"href":"https:\/\/makomasci.com\/en\/wp-json\/wp\/v2\/product"}],"about":[{"href":"https:\/\/makomasci.com\/en\/wp-json\/wp\/v2\/types\/product"}],"replies":[{"embeddable":true,"href":"https:\/\/makomasci.com\/en\/wp-json\/wp\/v2\/comments?post=5147"}],"version-history":[{"count":0,"href":"https:\/\/makomasci.com\/en\/wp-json\/wp\/v2\/product\/5147\/revisions"}],"wp:featuredmedia":[{"embeddable":true,"href":"https:\/\/makomasci.com\/en\/wp-json\/wp\/v2\/media\/5179"}],"wp:attachment":[{"href":"https:\/\/makomasci.com\/en\/wp-json\/wp\/v2\/media?parent=5147"}],"wp:term":[{"taxonomy":"product_brand","embeddable":true,"href":"https:\/\/makomasci.com\/en\/wp-json\/wp\/v2\/product_brand?post=5147"},{"taxonomy":"product_cat","embeddable":true,"href":"https:\/\/makomasci.com\/en\/wp-json\/wp\/v2\/product_cat?post=5147"},{"taxonomy":"product_tag","embeddable":true,"href":"https:\/\/makomasci.com\/en\/wp-json\/wp\/v2\/product_tag?post=5147"}],"curies":[{"name":"wp","href":"https:\/\/api.w.org\/{rel}","templated":true}]}}