{"id":5146,"date":"2025-10-08T17:42:52","date_gmt":"2025-10-08T17:42:52","guid":{"rendered":"https:\/\/makomasci.com\/?post_type=product&#038;p=5146"},"modified":"2025-10-22T18:56:27","modified_gmt":"2025-10-22T18:56:27","slug":"cocota","status":"publish","type":"product","link":"https:\/\/makomasci.com\/en\/product\/cocota\/","title":{"rendered":"C\u00f4c\u00f4ta"},"content":{"rendered":"<p><span style=\"font-weight: 400;\">Le c\u00f4c\u00f4ta, c\u2019est ce fruit globuleux qui te fait sourire d\u00e8s qu\u2019il arrive dans tes mains. Sa pulpe, douce et acidul\u00e9e \u00e0 la fois, se d\u00e9guste nature, juste comme \u00e7a, pour un moment pur plaisir. Mais attention, il peut aussi se transformer en un jus frais qui te donne la p\u00eache, comme une petite f\u00eate dans un verre. En C\u00f4te d\u2019Ivoire comme ailleurs en Afrique, le c\u00f4c\u00f4ta, c\u2019est la gourmandise qui vient de la nature.<\/span><\/p>","protected":false},"excerpt":{"rendered":"<p>Le c\u00f4c\u00f4ta, c\u2019est ce fruit globuleux qui te fait sourire d\u00e8s qu\u2019il arrive dans tes mains. Sa pulpe, douce et<\/p>","protected":false},"featured_media":5176,"comment_status":"closed","ping_status":"closed","template":"","meta":[],"product_brand":[],"product_cat":[157],"product_tag":[],"class_list":{"0":"post-5146","1":"product","2":"type-product","3":"status-publish","4":"has-post-thumbnail","6":"product_cat-fruits-tropicaux-courants","7":"pa_taille-3-pcs","9":"first","10":"instock","11":"shipping-taxable","12":"purchasable","13":"product-type-variable"},"_links":{"self":[{"href":"https:\/\/makomasci.com\/en\/wp-json\/wp\/v2\/product\/5146","targetHints":{"allow":["GET"]}}],"collection":[{"href":"https:\/\/makomasci.com\/en\/wp-json\/wp\/v2\/product"}],"about":[{"href":"https:\/\/makomasci.com\/en\/wp-json\/wp\/v2\/types\/product"}],"replies":[{"embeddable":true,"href":"https:\/\/makomasci.com\/en\/wp-json\/wp\/v2\/comments?post=5146"}],"version-history":[{"count":0,"href":"https:\/\/makomasci.com\/en\/wp-json\/wp\/v2\/product\/5146\/revisions"}],"wp:featuredmedia":[{"embeddable":true,"href":"https:\/\/makomasci.com\/en\/wp-json\/wp\/v2\/media\/5176"}],"wp:attachment":[{"href":"https:\/\/makomasci.com\/en\/wp-json\/wp\/v2\/media?parent=5146"}],"wp:term":[{"taxonomy":"product_brand","embeddable":true,"href":"https:\/\/makomasci.com\/en\/wp-json\/wp\/v2\/product_brand?post=5146"},{"taxonomy":"product_cat","embeddable":true,"href":"https:\/\/makomasci.com\/en\/wp-json\/wp\/v2\/product_cat?post=5146"},{"taxonomy":"product_tag","embeddable":true,"href":"https:\/\/makomasci.com\/en\/wp-json\/wp\/v2\/product_tag?post=5146"}],"curies":[{"name":"wp","href":"https:\/\/api.w.org\/{rel}","templated":true}]}}