{"id":5141,"date":"2025-10-08T17:42:52","date_gmt":"2025-10-08T17:42:52","guid":{"rendered":"https:\/\/makomasci.com\/?post_type=product&#038;p=5141"},"modified":"2025-10-22T18:53:13","modified_gmt":"2025-10-22T18:53:13","slug":"ananas","status":"publish","type":"product","link":"https:\/\/makomasci.com\/en\/product\/ananas\/","title":{"rendered":"Ananas"},"content":{"rendered":"<p><span style=\"font-weight: 400;\">L\u2019ananas MAKOMAS, c\u2019est la star tropicale qui d\u00e9barque direct pour mettre du soleil dans ta vie. Quand il est bien m\u00fbr, son parfum sucr\u00e9-acidul\u00e9 te donne envie de chanter. On le croque cru, frais, et le jus d\u00e9gouline doucement comme un petit cadeau de la nature. On le coupe en tranches pour accompagner une salade fruit\u00e9e, on le mixe pour un jus explosif, ou on le pr\u00e9pare en compote pour un dessert qui fait sourire. Certains l\u2019aiment en smoothie frais ou m\u00eame en ingr\u00e9dient pour d\u2019autres jus comme le bissap ou le gnamakoudji. L\u2019ananas ne se refuse pas. Et en bonus, il est bourr\u00e9 de vitamine C, d\u2019enzymes digestives et d\u2019antioxydants pour garder ton corps vif comme un poulpe dans la mer. Avec l\u2019ananas Makomas, chaque bouch\u00e9e, c\u2019est comme une petite f\u00eate tropicale.<\/span><\/p>","protected":false},"excerpt":{"rendered":"<p>L\u2019ananas MAKOMAS, c\u2019est la star tropicale qui d\u00e9barque direct pour mettre du soleil dans ta vie. Quand il est bien<\/p>","protected":false},"featured_media":5169,"comment_status":"closed","ping_status":"closed","template":"","meta":[],"product_brand":[],"product_cat":[157],"product_tag":[],"class_list":{"0":"post-5141","1":"product","2":"type-product","3":"status-publish","4":"has-post-thumbnail","6":"product_cat-fruits-tropicaux-courants","7":"pa_taille-1kg","9":"first","10":"instock","11":"shipping-taxable","12":"purchasable","13":"product-type-variable"},"_links":{"self":[{"href":"https:\/\/makomasci.com\/en\/wp-json\/wp\/v2\/product\/5141","targetHints":{"allow":["GET"]}}],"collection":[{"href":"https:\/\/makomasci.com\/en\/wp-json\/wp\/v2\/product"}],"about":[{"href":"https:\/\/makomasci.com\/en\/wp-json\/wp\/v2\/types\/product"}],"replies":[{"embeddable":true,"href":"https:\/\/makomasci.com\/en\/wp-json\/wp\/v2\/comments?post=5141"}],"version-history":[{"count":0,"href":"https:\/\/makomasci.com\/en\/wp-json\/wp\/v2\/product\/5141\/revisions"}],"wp:featuredmedia":[{"embeddable":true,"href":"https:\/\/makomasci.com\/en\/wp-json\/wp\/v2\/media\/5169"}],"wp:attachment":[{"href":"https:\/\/makomasci.com\/en\/wp-json\/wp\/v2\/media?parent=5141"}],"wp:term":[{"taxonomy":"product_brand","embeddable":true,"href":"https:\/\/makomasci.com\/en\/wp-json\/wp\/v2\/product_brand?post=5141"},{"taxonomy":"product_cat","embeddable":true,"href":"https:\/\/makomasci.com\/en\/wp-json\/wp\/v2\/product_cat?post=5141"},{"taxonomy":"product_tag","embeddable":true,"href":"https:\/\/makomasci.com\/en\/wp-json\/wp\/v2\/product_tag?post=5141"}],"curies":[{"name":"wp","href":"https:\/\/api.w.org\/{rel}","templated":true}]}}