{"id":5068,"date":"2025-10-08T15:00:40","date_gmt":"2025-10-08T15:00:40","guid":{"rendered":"https:\/\/makomasci.com\/?post_type=product&#038;p=5068"},"modified":"2025-10-23T17:12:02","modified_gmt":"2025-10-23T17:12:02","slug":"ignames-bete-bete","status":"publish","type":"product","link":"https:\/\/makomasci.com\/en\/product\/ignames-bete-bete\/","title":{"rendered":"Ignames B\u00eat\u00ea-B\u00eat\u00ea"},"content":{"rendered":"<p><span style=\"font-weight: 400;\">L\u2019igname, c\u2019est pas seulement un tubercule, c\u2019est une vraie fiert\u00e9 locale ! Gros, g\u00e9n\u00e9reux et nourrissant, il s\u2019invite sur toutes nos tables, des villages aux grandes villes. Brais\u00e9, bouilli, frit ou r\u00e9duit en foutou, il sait toujours comment nous r\u00e9galer. Sa chair douce et farineuse fond dans la bouche et accompagne parfaitement les sauces graine, arachide, djoumgbl\u00e9 etc.<\/span><\/p>\n<p><span style=\"font-weight: 400;\">Mais l\u2019igname, c\u2019est aussi un alli\u00e9 sant\u00e9. Riche en fibres, il facilite la digestion et donne une vraie sensation de sati\u00e9t\u00e9. Avec ses bons glucides, il fournit de l\u2019\u00e9nergie durable, parfait pour tenir toute la journ\u00e9e. Ses vitamines et min\u00e9raux renforcent le corps, fortifient les os et boostent l\u2019organisme.<\/span><\/p>\n<p><span style=\"font-weight: 400;\">Chez nous, manger de l\u2019igname c\u2019est bien plus que se nourrir, c\u2019est partager un moment de convivialit\u00e9, de f\u00eate et de tradition. <\/span><\/p>","protected":false},"excerpt":{"rendered":"<p>L\u2019igname, c\u2019est pas seulement un tubercule, c\u2019est une vraie fiert\u00e9 locale ! Gros, g\u00e9n\u00e9reux et nourrissant, il s\u2019invite sur toutes<\/p>","protected":false},"featured_media":5069,"comment_status":"open","ping_status":"closed","template":"","meta":[],"product_brand":[],"product_cat":[100],"product_tag":[],"class_list":{"0":"post-5068","1":"product","2":"type-product","3":"status-publish","4":"has-post-thumbnail","6":"product_cat-produits-vivriers","7":"pa_taille-1kg","8":"pa_taille-2kg","9":"pa_taille-5kg","11":"first","12":"instock","13":"shipping-taxable","14":"purchasable","15":"product-type-variable"},"_links":{"self":[{"href":"https:\/\/makomasci.com\/en\/wp-json\/wp\/v2\/product\/5068","targetHints":{"allow":["GET"]}}],"collection":[{"href":"https:\/\/makomasci.com\/en\/wp-json\/wp\/v2\/product"}],"about":[{"href":"https:\/\/makomasci.com\/en\/wp-json\/wp\/v2\/types\/product"}],"replies":[{"embeddable":true,"href":"https:\/\/makomasci.com\/en\/wp-json\/wp\/v2\/comments?post=5068"}],"version-history":[{"count":0,"href":"https:\/\/makomasci.com\/en\/wp-json\/wp\/v2\/product\/5068\/revisions"}],"wp:featuredmedia":[{"embeddable":true,"href":"https:\/\/makomasci.com\/en\/wp-json\/wp\/v2\/media\/5069"}],"wp:attachment":[{"href":"https:\/\/makomasci.com\/en\/wp-json\/wp\/v2\/media?parent=5068"}],"wp:term":[{"taxonomy":"product_brand","embeddable":true,"href":"https:\/\/makomasci.com\/en\/wp-json\/wp\/v2\/product_brand?post=5068"},{"taxonomy":"product_cat","embeddable":true,"href":"https:\/\/makomasci.com\/en\/wp-json\/wp\/v2\/product_cat?post=5068"},{"taxonomy":"product_tag","embeddable":true,"href":"https:\/\/makomasci.com\/en\/wp-json\/wp\/v2\/product_tag?post=5068"}],"curies":[{"name":"wp","href":"https:\/\/api.w.org\/{rel}","templated":true}]}}