{"id":4512,"date":"2025-10-03T15:29:12","date_gmt":"2025-10-03T15:29:12","guid":{"rendered":"https:\/\/makomasci.com\/?post_type=product&#038;p=4512"},"modified":"2026-02-24T22:56:26","modified_gmt":"2026-02-24T22:56:26","slug":"poudre-de-pulpe-de-nere","status":"publish","type":"product","link":"https:\/\/makomasci.com\/en\/product\/poudre-de-pulpe-de-nere\/","title":{"rendered":"Poudre De Pulpe De N\u00e9r\u00e9"},"content":{"rendered":"<p>La poudre de pulpe de n\u00e9r\u00e9, c\u2019est un vrai tr\u00e9sor naturel : douce, l\u00e9g\u00e8rement acidul\u00e9e et pleine d\u2019\u00e9nergie. Facile \u00e0 utiliser, elle se d\u00e9guste en boisson rafra\u00eechissante (dilu\u00e9e dans l\u2019eau ou le lait), dans les smoothies, bouillies, p\u00e2tisseries, ou m\u00eame crue, sans cuisson. C\u2019est un ingr\u00e9dient simple, polyvalent et id\u00e9al pour toute la famille.<\/p>\n<p>Mais au-del\u00e0 du go\u00fbt, la pulpe de n\u00e9r\u00e9 est un aliment sant\u00e9 exceptionnel. Riche en min\u00e9raux et vitamines, elle est tonique, laxative et vermifuge, aide \u00e0 la digestion, soutient la r\u00e9hydratation et contribue \u00e0 traiter l\u2019an\u00e9mie tout en normalisant la tension art\u00e9rielle.<\/p>\n<p>Elle est particuli\u00e8rement recommand\u00e9e pour :<\/p>\n<ul>\n<li style=\"font-weight: 400;\" aria-level=\"1\">Les enfants malnutris d\u00e8s 6 mois,<\/li>\n<li style=\"font-weight: 400;\" aria-level=\"1\">Les femmes enceintes et allaitantes,<\/li>\n<li style=\"font-weight: 400;\" aria-level=\"1\">Les adultes actifs,<\/li>\n<li style=\"font-weight: 400;\" aria-level=\"1\">Et m\u00eame les personnes \u00e2g\u00e9es qui ont besoin d\u2019\u00e9nergie douce et de vitalit\u00e9.<\/li>\n<\/ul>\n<p>100 % naturelle, sans additifs ni conservateurs.<\/p>\n<p>Conserver au sec, \u00e0 l\u2019abri de l\u2019humidit\u00e9.<\/p>","protected":false},"excerpt":{"rendered":"<p>La poudre de pulpe de n\u00e9r\u00e9, c\u2019est un vrai tr\u00e9sor naturel : douce, l\u00e9g\u00e8rement acidul\u00e9e et pleine d\u2019\u00e9nergie. Facile \u00e0<\/p>","protected":false},"featured_media":4537,"comment_status":"closed","ping_status":"closed","template":"","meta":[],"product_brand":[],"product_cat":[123,242],"product_tag":[],"class_list":{"0":"post-4512","1":"product","2":"type-product","3":"status-publish","4":"has-post-thumbnail","6":"product_cat-epices-condiments","7":"product_cat-promos","8":"pa_taille-100g","9":"pa_taille-200g","11":"first","12":"instock","13":"shipping-taxable","14":"purchasable","15":"product-type-variable"},"_links":{"self":[{"href":"https:\/\/makomasci.com\/en\/wp-json\/wp\/v2\/product\/4512","targetHints":{"allow":["GET"]}}],"collection":[{"href":"https:\/\/makomasci.com\/en\/wp-json\/wp\/v2\/product"}],"about":[{"href":"https:\/\/makomasci.com\/en\/wp-json\/wp\/v2\/types\/product"}],"replies":[{"embeddable":true,"href":"https:\/\/makomasci.com\/en\/wp-json\/wp\/v2\/comments?post=4512"}],"version-history":[{"count":1,"href":"https:\/\/makomasci.com\/en\/wp-json\/wp\/v2\/product\/4512\/revisions"}],"predecessor-version":[{"id":9586,"href":"https:\/\/makomasci.com\/en\/wp-json\/wp\/v2\/product\/4512\/revisions\/9586"}],"wp:featuredmedia":[{"embeddable":true,"href":"https:\/\/makomasci.com\/en\/wp-json\/wp\/v2\/media\/4537"}],"wp:attachment":[{"href":"https:\/\/makomasci.com\/en\/wp-json\/wp\/v2\/media?parent=4512"}],"wp:term":[{"taxonomy":"product_brand","embeddable":true,"href":"https:\/\/makomasci.com\/en\/wp-json\/wp\/v2\/product_brand?post=4512"},{"taxonomy":"product_cat","embeddable":true,"href":"https:\/\/makomasci.com\/en\/wp-json\/wp\/v2\/product_cat?post=4512"},{"taxonomy":"product_tag","embeddable":true,"href":"https:\/\/makomasci.com\/en\/wp-json\/wp\/v2\/product_tag?post=4512"}],"curies":[{"name":"wp","href":"https:\/\/api.w.org\/{rel}","templated":true}]}}