{"id":4476,"date":"2025-10-03T15:29:09","date_gmt":"2025-10-03T15:29:09","guid":{"rendered":"https:\/\/makomasci.com\/?post_type=product&#038;p=4476"},"modified":"2026-02-27T20:02:03","modified_gmt":"2026-02-27T20:02:03","slug":"graines-de-moutarde","status":"publish","type":"product","link":"https:\/\/makomasci.com\/en\/product\/graines-de-moutarde\/","title":{"rendered":"Graines De Moutarde"},"content":{"rendered":"<p>Tu veux connaitre le secret de la bonne cuisine ? d\u00e9couvre les graines de moutardes Makomas. Avec les graines de moutarde Makomas, tes sauces, marinades, viandes ou l\u00e9gumes vont prendre un punch sp\u00e9cial qui fait toute la diff\u00e9rence.<\/p>\n<p>Ces graines sont 100% naturelles et soigneusement s\u00e9lectionn\u00e9es, pour garder tout leur ar\u00f4me et leur saveur piquante. Que tu les utilises enti\u00e8res pour donner du croquant ou moulues pour relever subtilement tes pr\u00e9parations, elles transforment chaque plat en exp\u00e9rience gustative.<\/p>\n<p>Et attends seulement : la moutarde, ce n\u2019est pas que pour le go\u00fbt ! Elle est bonne pour la digestion, stimule le m\u00e9tabolisme et apporte des nutriments essentiels \u00e0 ton corps.<\/p>\n<p>Avec les graines de moutarde Makomas, tes recettes deviennent savoureuses, parfum\u00e9es et pleines de force. Forc\u00e9ment, tout le monde va demander ton secret.<\/p>","protected":false},"excerpt":{"rendered":"<p>Tu veux connaitre le secret de la bonne cuisine ? d\u00e9couvre les graines de moutardes Makomas. Avec les graines de<\/p>","protected":false},"featured_media":9615,"comment_status":"closed","ping_status":"closed","template":"","meta":[],"product_brand":[],"product_cat":[123],"product_tag":[],"class_list":{"0":"post-4476","1":"product","2":"type-product","3":"status-publish","4":"has-post-thumbnail","6":"product_cat-epices-condiments","7":"pa_taille-50g","9":"first","10":"instock","11":"shipping-taxable","12":"purchasable","13":"product-type-variable"},"_links":{"self":[{"href":"https:\/\/makomasci.com\/en\/wp-json\/wp\/v2\/product\/4476","targetHints":{"allow":["GET"]}}],"collection":[{"href":"https:\/\/makomasci.com\/en\/wp-json\/wp\/v2\/product"}],"about":[{"href":"https:\/\/makomasci.com\/en\/wp-json\/wp\/v2\/types\/product"}],"replies":[{"embeddable":true,"href":"https:\/\/makomasci.com\/en\/wp-json\/wp\/v2\/comments?post=4476"}],"version-history":[{"count":2,"href":"https:\/\/makomasci.com\/en\/wp-json\/wp\/v2\/product\/4476\/revisions"}],"predecessor-version":[{"id":9617,"href":"https:\/\/makomasci.com\/en\/wp-json\/wp\/v2\/product\/4476\/revisions\/9617"}],"wp:featuredmedia":[{"embeddable":true,"href":"https:\/\/makomasci.com\/en\/wp-json\/wp\/v2\/media\/9615"}],"wp:attachment":[{"href":"https:\/\/makomasci.com\/en\/wp-json\/wp\/v2\/media?parent=4476"}],"wp:term":[{"taxonomy":"product_brand","embeddable":true,"href":"https:\/\/makomasci.com\/en\/wp-json\/wp\/v2\/product_brand?post=4476"},{"taxonomy":"product_cat","embeddable":true,"href":"https:\/\/makomasci.com\/en\/wp-json\/wp\/v2\/product_cat?post=4476"},{"taxonomy":"product_tag","embeddable":true,"href":"https:\/\/makomasci.com\/en\/wp-json\/wp\/v2\/product_tag?post=4476"}],"curies":[{"name":"wp","href":"https:\/\/api.w.org\/{rel}","templated":true}]}}