{"id":4473,"date":"2025-10-03T15:29:09","date_gmt":"2025-10-03T15:29:09","guid":{"rendered":"https:\/\/makomasci.com\/?post_type=product&#038;p=4473"},"modified":"2025-10-23T11:36:46","modified_gmt":"2025-10-23T11:36:46","slug":"sel-gemme","status":"publish","type":"product","link":"https:\/\/makomasci.com\/en\/product\/sel-gemme\/","title":{"rendered":"Sel Gemme"},"content":{"rendered":"<p>Le Sel Gemme Makomas est une v\u00e9ritable pierre pr\u00e9cieuse aux mille vertus, souvent m\u00e9connue mais indispensable. Il agit comme anti-dartre et anti-tache pour la peau, prot\u00e8ge contre les mauvaises odeurs corporelles et vaginales, et peut soulager la constipation ou les maux de ventre lorsqu\u2019il est utilis\u00e9 avec un peu d\u2019eau.<\/p>\n<p>C\u2019est aussi un alli\u00e9 beaut\u00e9 : m\u00e9lang\u00e9 \u00e0 du citron et du miel, il devient un exfoliant puissant pour le visage ou tout le corps, et peut \u00eatre utilis\u00e9 pour un soin des mains et des pieds digne d\u2019un spa \u00e0 domicile. En bain, il purifie et aide \u00e0 se d\u00e9barrasser des mauvaises ondes tout en renfor\u00e7ant ton aura.<\/p>\n<p>Pour les usages spirituels, quelques morceaux dans les coins de la chambre apportent protection et purification. Il peut aussi \u00eatre employ\u00e9 comme d\u00e9sodorisant naturel pour ton int\u00e9rieur.<\/p>\n<p>Le Sel Gemme Makomas, c\u2019est bien-\u00eatre, soin et protection dans une seule pierre, \u00e0 garder toujours sous la main.<\/p>","protected":false},"excerpt":{"rendered":"<p>Le Sel Gemme Makomas est une v\u00e9ritable pierre pr\u00e9cieuse aux mille vertus, souvent m\u00e9connue mais indispensable. Il agit comme anti-dartre<\/p>","protected":false},"featured_media":4579,"comment_status":"closed","ping_status":"closed","template":"","meta":[],"product_brand":[],"product_cat":[123],"product_tag":[],"class_list":{"0":"post-4473","1":"product","2":"type-product","3":"status-publish","4":"has-post-thumbnail","6":"product_cat-epices-condiments","7":"pa_taille-50g","9":"first","10":"instock","11":"shipping-taxable","12":"purchasable","13":"product-type-variable"},"_links":{"self":[{"href":"https:\/\/makomasci.com\/en\/wp-json\/wp\/v2\/product\/4473","targetHints":{"allow":["GET"]}}],"collection":[{"href":"https:\/\/makomasci.com\/en\/wp-json\/wp\/v2\/product"}],"about":[{"href":"https:\/\/makomasci.com\/en\/wp-json\/wp\/v2\/types\/product"}],"replies":[{"embeddable":true,"href":"https:\/\/makomasci.com\/en\/wp-json\/wp\/v2\/comments?post=4473"}],"version-history":[{"count":0,"href":"https:\/\/makomasci.com\/en\/wp-json\/wp\/v2\/product\/4473\/revisions"}],"wp:featuredmedia":[{"embeddable":true,"href":"https:\/\/makomasci.com\/en\/wp-json\/wp\/v2\/media\/4579"}],"wp:attachment":[{"href":"https:\/\/makomasci.com\/en\/wp-json\/wp\/v2\/media?parent=4473"}],"wp:term":[{"taxonomy":"product_brand","embeddable":true,"href":"https:\/\/makomasci.com\/en\/wp-json\/wp\/v2\/product_brand?post=4473"},{"taxonomy":"product_cat","embeddable":true,"href":"https:\/\/makomasci.com\/en\/wp-json\/wp\/v2\/product_cat?post=4473"},{"taxonomy":"product_tag","embeddable":true,"href":"https:\/\/makomasci.com\/en\/wp-json\/wp\/v2\/product_tag?post=4473"}],"curies":[{"name":"wp","href":"https:\/\/api.w.org\/{rel}","templated":true}]}}