{"id":4472,"date":"2025-10-03T15:29:09","date_gmt":"2025-10-03T15:29:09","guid":{"rendered":"https:\/\/makomasci.com\/?post_type=product&#038;p=4472"},"modified":"2025-10-23T11:36:14","modified_gmt":"2025-10-23T11:36:14","slug":"piment-noir-de-foufou","status":"publish","type":"product","link":"https:\/\/makomasci.com\/en\/product\/piment-noir-de-foufou\/","title":{"rendered":"Piment Noir De Foufou"},"content":{"rendered":"<p><span style=\"font-weight: 400;\">100\u202f% naturel, sans cube, ce piment noir est sp\u00e9cialement pens\u00e9 pour ton foufou. Son piquant est parfaitement \u00e9quilibr\u00e9 pour r\u00e9veiller les saveurs sans te br\u00fbler la bouche, et le sachet refermable garde toute sa puissance et son ar\u00f4me. M\u00e9lange-le avec un peu d\u2019huile de palme chaude et badigeonne ton foufou, ou saupoudre-le juste un peu pour un effet subtil. Ajuste la dose selon ton go\u00fbt, et profite de ce petit secret des chefs ivoiriens.<\/span><\/p>\n<p><span style=\"font-weight: 400;\">Ingr\u00e9dients\u202f: piment sec moulu, feuilles de kabl\u00e8, akpi, sel marin. Sans cube, sans additifs.<\/span><\/p>\n<p><span style=\"font-weight: 400;\">Conserver au sec, \u00e0 l\u2019abri de l\u2019humidit\u00e9.<\/span><\/p>","protected":false},"excerpt":{"rendered":"<p>100\u202f% naturel, sans cube, ce piment noir est sp\u00e9cialement pens\u00e9 pour ton foufou. Son piquant est parfaitement \u00e9quilibr\u00e9 pour r\u00e9veiller<\/p>","protected":false},"featured_media":4677,"comment_status":"closed","ping_status":"closed","template":"","meta":[],"product_brand":[],"product_cat":[123],"product_tag":[],"class_list":{"0":"post-4472","1":"product","2":"type-product","3":"status-publish","4":"has-post-thumbnail","6":"product_cat-epices-condiments","7":"pa_taille-100g","9":"first","10":"instock","11":"shipping-taxable","12":"purchasable","13":"product-type-variable"},"_links":{"self":[{"href":"https:\/\/makomasci.com\/en\/wp-json\/wp\/v2\/product\/4472","targetHints":{"allow":["GET"]}}],"collection":[{"href":"https:\/\/makomasci.com\/en\/wp-json\/wp\/v2\/product"}],"about":[{"href":"https:\/\/makomasci.com\/en\/wp-json\/wp\/v2\/types\/product"}],"replies":[{"embeddable":true,"href":"https:\/\/makomasci.com\/en\/wp-json\/wp\/v2\/comments?post=4472"}],"version-history":[{"count":0,"href":"https:\/\/makomasci.com\/en\/wp-json\/wp\/v2\/product\/4472\/revisions"}],"wp:featuredmedia":[{"embeddable":true,"href":"https:\/\/makomasci.com\/en\/wp-json\/wp\/v2\/media\/4677"}],"wp:attachment":[{"href":"https:\/\/makomasci.com\/en\/wp-json\/wp\/v2\/media?parent=4472"}],"wp:term":[{"taxonomy":"product_brand","embeddable":true,"href":"https:\/\/makomasci.com\/en\/wp-json\/wp\/v2\/product_brand?post=4472"},{"taxonomy":"product_cat","embeddable":true,"href":"https:\/\/makomasci.com\/en\/wp-json\/wp\/v2\/product_cat?post=4472"},{"taxonomy":"product_tag","embeddable":true,"href":"https:\/\/makomasci.com\/en\/wp-json\/wp\/v2\/product_tag?post=4472"}],"curies":[{"name":"wp","href":"https:\/\/api.w.org\/{rel}","templated":true}]}}