{"id":4470,"date":"2025-10-03T15:29:09","date_gmt":"2025-10-03T15:29:09","guid":{"rendered":"https:\/\/makomasci.com\/?post_type=product&#038;p=4470"},"modified":"2025-11-07T15:27:32","modified_gmt":"2025-11-07T15:27:32","slug":"muscade-en-poudre","status":"publish","type":"product","link":"https:\/\/makomasci.com\/en\/product\/muscade-en-poudre\/","title":{"rendered":"Muscade En Poudre"},"content":{"rendered":"<p><span style=\"font-weight: 400;\">100\u202f% naturelle et choisie \u00e0 la main, cette poudre de muscade d\u00e9gage un parfum chaud et intense. Une petite r\u00e2p\u00e9e suffit pour transformer tes sauces, pur\u00e9es, p\u00e2tisseries ou boissons chaudes en vrai festival de go\u00fbt. Riche en min\u00e9raux et antioxydants, elle ne fait pas que sentir bon\u202f: elle prend soin de ta digestion tout en apportant une touche magique \u00e0 tes recettes africaines traditionnelles ou \u00e0 tes cr\u00e9ations modernes.<\/span><\/p>\n<p><b>Conseils d\u2019utilisation :<\/b><\/p>\n<ul>\n<li style=\"font-weight: 400;\" aria-level=\"1\"><span style=\"font-weight: 400;\">Ajouter directement une petite quantit\u00e9 dans vos sauces, pur\u00e9es, p\u00e2tisseries ou boissons chaudes.<\/span><\/li>\n<li style=\"font-weight: 400;\" aria-level=\"1\"><span style=\"font-weight: 400;\">Utilisez avec parcimonie : son parfum est puissant, une petite pinc\u00e9e suffit.<\/span><\/li>\n<li style=\"font-weight: 400;\" aria-level=\"1\"><span style=\"font-weight: 400;\">Id\u00e9al pour sublimer plats et recettes du quotidien.<\/span><\/li>\n<\/ul>\n<p><span style=\"font-weight: 400;\">Conserver au sec, \u00e0 l\u2019abri de l\u2019humidit\u00e9.<\/span><\/p>","protected":false},"excerpt":{"rendered":"<p>100\u202f% naturelle et choisie \u00e0 la main, cette poudre de muscade d\u00e9gage un parfum chaud et intense. Une petite r\u00e2p\u00e9e<\/p>","protected":false},"featured_media":4569,"comment_status":"closed","ping_status":"closed","template":"","meta":[],"product_brand":[],"product_cat":[123],"product_tag":[],"class_list":{"0":"post-4470","1":"product","2":"type-product","3":"status-publish","4":"has-post-thumbnail","6":"product_cat-epices-condiments","7":"pa_taille-100g","9":"first","10":"instock","11":"shipping-taxable","12":"purchasable","13":"product-type-variable"},"_links":{"self":[{"href":"https:\/\/makomasci.com\/en\/wp-json\/wp\/v2\/product\/4470","targetHints":{"allow":["GET"]}}],"collection":[{"href":"https:\/\/makomasci.com\/en\/wp-json\/wp\/v2\/product"}],"about":[{"href":"https:\/\/makomasci.com\/en\/wp-json\/wp\/v2\/types\/product"}],"replies":[{"embeddable":true,"href":"https:\/\/makomasci.com\/en\/wp-json\/wp\/v2\/comments?post=4470"}],"version-history":[{"count":0,"href":"https:\/\/makomasci.com\/en\/wp-json\/wp\/v2\/product\/4470\/revisions"}],"wp:featuredmedia":[{"embeddable":true,"href":"https:\/\/makomasci.com\/en\/wp-json\/wp\/v2\/media\/4569"}],"wp:attachment":[{"href":"https:\/\/makomasci.com\/en\/wp-json\/wp\/v2\/media?parent=4470"}],"wp:term":[{"taxonomy":"product_brand","embeddable":true,"href":"https:\/\/makomasci.com\/en\/wp-json\/wp\/v2\/product_brand?post=4470"},{"taxonomy":"product_cat","embeddable":true,"href":"https:\/\/makomasci.com\/en\/wp-json\/wp\/v2\/product_cat?post=4470"},{"taxonomy":"product_tag","embeddable":true,"href":"https:\/\/makomasci.com\/en\/wp-json\/wp\/v2\/product_tag?post=4470"}],"curies":[{"name":"wp","href":"https:\/\/api.w.org\/{rel}","templated":true}]}}