{"id":4465,"date":"2025-10-03T15:29:09","date_gmt":"2025-10-03T15:29:09","guid":{"rendered":"https:\/\/makomasci.com\/?post_type=product&#038;p=4465"},"modified":"2025-10-23T11:18:44","modified_gmt":"2025-10-23T11:18:44","slug":"kable","status":"publish","type":"product","link":"https:\/\/makomasci.com\/en\/product\/kable\/","title":{"rendered":"Kabl\u00e8"},"content":{"rendered":"<p><span style=\"font-weight: 400;\">Le Kabl\u00e8, c\u2019est la petite touche magique qui transforme tes sauces en explosions de saveurs. Avec seulement quelques feuilles, tu sens tout de suite l\u2019ar\u00f4me authentique d\u2019Afrique qui parfume d\u00e9licatement tes plats. Naturel et pur, il sublime tes sauces graines, soupes du p\u00eacheur, sauces claires ou tout ce qui mijote \u00e0 base d\u2019huile rouge, sans jamais dominer le go\u00fbt, juste pour le rehausser.<\/span><\/p>\n<p><span style=\"font-weight: 400;\">Conseils d\u2019utilisation :<\/span><span style=\"font-weight: 400;\"><br \/>\n<\/span><span style=\"font-weight: 400;\">\u2022 Mets 3 \u00e0 4 feuilles dans ta sauce d\u00e8s le d\u00e9but ou en fin de cuisson pour capturer toutes les saveurs.<\/span><span style=\"font-weight: 400;\"><br \/>\n<\/span><span style=\"font-weight: 400;\">\u2022 Retire les feuilles avant de servir pour un plat net et parfum\u00e9.<\/span><span style=\"font-weight: 400;\"><br \/>\n<\/span><span style=\"font-weight: 400;\">\u2022 Id\u00e9al pour sauces graines, sauces claires, soupes du p\u00eacheur et toutes tes pr\u00e9parations \u00e0 l\u2019huile rouge.<\/span><\/p>\n<p><span style=\"font-weight: 400;\">Conserver au sec, \u00e0 l\u2019abri de l\u2019humidit\u00e9. Le Kabl\u00e8, c\u2019est la petite astuce de chef pour que tes sauces sentent bon \u00e0 chaque bouch\u00e9e. <\/span><\/p>","protected":false},"excerpt":{"rendered":"<p>Le Kabl\u00e8, c\u2019est la petite touche magique qui transforme tes sauces en explosions de saveurs. Avec seulement quelques feuilles, tu<\/p>","protected":false},"featured_media":4541,"comment_status":"closed","ping_status":"closed","template":"","meta":[],"product_brand":[],"product_cat":[123],"product_tag":[],"class_list":{"0":"post-4465","1":"product","2":"type-product","3":"status-publish","4":"has-post-thumbnail","6":"product_cat-epices-condiments","7":"pa_taille-12-tiges","8":"pa_taille-2-tiges","9":"pa_taille-6-tiges","11":"first","12":"instock","13":"shipping-taxable","14":"purchasable","15":"product-type-variable"},"_links":{"self":[{"href":"https:\/\/makomasci.com\/en\/wp-json\/wp\/v2\/product\/4465","targetHints":{"allow":["GET"]}}],"collection":[{"href":"https:\/\/makomasci.com\/en\/wp-json\/wp\/v2\/product"}],"about":[{"href":"https:\/\/makomasci.com\/en\/wp-json\/wp\/v2\/types\/product"}],"replies":[{"embeddable":true,"href":"https:\/\/makomasci.com\/en\/wp-json\/wp\/v2\/comments?post=4465"}],"version-history":[{"count":0,"href":"https:\/\/makomasci.com\/en\/wp-json\/wp\/v2\/product\/4465\/revisions"}],"wp:featuredmedia":[{"embeddable":true,"href":"https:\/\/makomasci.com\/en\/wp-json\/wp\/v2\/media\/4541"}],"wp:attachment":[{"href":"https:\/\/makomasci.com\/en\/wp-json\/wp\/v2\/media?parent=4465"}],"wp:term":[{"taxonomy":"product_brand","embeddable":true,"href":"https:\/\/makomasci.com\/en\/wp-json\/wp\/v2\/product_brand?post=4465"},{"taxonomy":"product_cat","embeddable":true,"href":"https:\/\/makomasci.com\/en\/wp-json\/wp\/v2\/product_cat?post=4465"},{"taxonomy":"product_tag","embeddable":true,"href":"https:\/\/makomasci.com\/en\/wp-json\/wp\/v2\/product_tag?post=4465"}],"curies":[{"name":"wp","href":"https:\/\/api.w.org\/{rel}","templated":true}]}}