{"id":4464,"date":"2025-10-03T15:29:09","date_gmt":"2025-10-03T15:29:09","guid":{"rendered":"https:\/\/makomasci.com\/?post_type=product&#038;p=4464"},"modified":"2025-11-07T12:27:59","modified_gmt":"2025-11-07T12:27:59","slug":"citronnelle","status":"publish","type":"product","link":"https:\/\/makomasci.com\/en\/product\/citronnelle\/","title":{"rendered":"Citronnelle"},"content":{"rendered":"<p>La citronnelle Makomas, c\u2019est la plante aromatique qu\u2019on aime chez nous, en mode 100% naturelle. Son parfum frais donne un go\u00fbt unique \u00e0 vos recettes et m\u00eame aux boissons locales toniques. En infusion chaude ou froide, elle aide \u00e0 soulager les ballonnements, apaiser les crampes et faciliter la digestion, tout en favorisant un sommeil paisible. La citronnelle, c\u2019est aussi une alli\u00e9e sant\u00e9 : anti-inflammatoire, antibact\u00e9rienne et antioxydante, elle renforce l\u2019organisme et calme les douleurs musculaires ou articulaires. En plus, elle est connue pour repousser les moustiques et purifier l\u2019air, un vrai plus dans nos foyers. C\u00f4t\u00e9 beaut\u00e9, elle est top en d\u00e9coction ou bain vapeur pour d\u00e9tendre la peau, rafra\u00eechir le corps et fortifier les cheveux. Riche en huiles essentielles (citral, g\u00e9raniol), vitamines A et C, et min\u00e9raux comme le calcium, le fer et le magn\u00e9sium, la citronnelle Makomas, c\u2019est le go\u00fbt, la sant\u00e9 et le bien-\u00eatre \u00e0 l\u2019ivoirienne.<\/p>","protected":false},"excerpt":{"rendered":"<p>La citronnelle Makomas, c\u2019est la plante aromatique qu\u2019on aime chez nous, en mode 100% naturelle. Son parfum frais donne un<\/p>","protected":false},"featured_media":4539,"comment_status":"closed","ping_status":"closed","template":"","meta":[],"product_brand":[],"product_cat":[123],"product_tag":[],"class_list":{"0":"post-4464","1":"product","2":"type-product","3":"status-publish","4":"has-post-thumbnail","6":"product_cat-epices-condiments","7":"pa_taille-100g","9":"first","10":"instock","11":"shipping-taxable","12":"purchasable","13":"product-type-variable"},"_links":{"self":[{"href":"https:\/\/makomasci.com\/en\/wp-json\/wp\/v2\/product\/4464","targetHints":{"allow":["GET"]}}],"collection":[{"href":"https:\/\/makomasci.com\/en\/wp-json\/wp\/v2\/product"}],"about":[{"href":"https:\/\/makomasci.com\/en\/wp-json\/wp\/v2\/types\/product"}],"replies":[{"embeddable":true,"href":"https:\/\/makomasci.com\/en\/wp-json\/wp\/v2\/comments?post=4464"}],"version-history":[{"count":0,"href":"https:\/\/makomasci.com\/en\/wp-json\/wp\/v2\/product\/4464\/revisions"}],"wp:featuredmedia":[{"embeddable":true,"href":"https:\/\/makomasci.com\/en\/wp-json\/wp\/v2\/media\/4539"}],"wp:attachment":[{"href":"https:\/\/makomasci.com\/en\/wp-json\/wp\/v2\/media?parent=4464"}],"wp:term":[{"taxonomy":"product_brand","embeddable":true,"href":"https:\/\/makomasci.com\/en\/wp-json\/wp\/v2\/product_brand?post=4464"},{"taxonomy":"product_cat","embeddable":true,"href":"https:\/\/makomasci.com\/en\/wp-json\/wp\/v2\/product_cat?post=4464"},{"taxonomy":"product_tag","embeddable":true,"href":"https:\/\/makomasci.com\/en\/wp-json\/wp\/v2\/product_tag?post=4464"}],"curies":[{"name":"wp","href":"https:\/\/api.w.org\/{rel}","templated":true}]}}