{"id":4458,"date":"2025-10-03T15:29:08","date_gmt":"2025-10-03T15:29:08","guid":{"rendered":"https:\/\/makomasci.com\/?post_type=product&#038;p=4458"},"modified":"2025-10-22T19:27:31","modified_gmt":"2025-10-22T19:27:31","slug":"baton-de-cannelle","status":"publish","type":"product","link":"https:\/\/makomasci.com\/en\/product\/baton-de-cannelle\/","title":{"rendered":"B\u00e2ton De Cannelle"},"content":{"rendered":"<p>Le b\u00e2ton de cannelle Makomas est une \u00e9pice 100 % naturelle qui apporte une saveur chaude et parfum\u00e9e \u00e0 vos plats et boissons. Utilis\u00e9 depuis toujours dans la cuisine africaine et mondiale, il sublime aussi bien les sauces, bouillons et desserts que les infusions et boissons locales.<\/p>\n<p>Riche en antioxydants et en huiles essentielles, la cannelle contribue \u00e0 la digestion, aide \u00e0 stimuler l\u2019organisme et apporte une touche de bien-\u00eatre au quotidien. Son ar\u00f4me doux et intense en fait un ingr\u00e9dient indispensable dans votre cuisine.<\/p>\n<p>Conseils d\u2019utilisation :<\/p>\n<ul>\n<li style=\"font-weight: 400;\" aria-level=\"1\">En cuisine : ajouter un morceau de cannelle dans vos sauces, rago\u00fbts, riz gras, p\u00e2tisseries ou compotes.<\/li>\n<li style=\"font-weight: 400;\" aria-level=\"1\">En infusion : faire bouillir 1 \u00e0 2 b\u00e2tons dans de l\u2019eau chaude pour une boisson parfum\u00e9e, digestive et r\u00e9confortante.<\/li>\n<li style=\"font-weight: 400;\" aria-level=\"1\">Peut \u00eatre associ\u00e9 au gingembre, au clou de girofle ou au miel pour un go\u00fbt encore plus savoureux.<\/li>\n<\/ul>\n<p>Conserver au sec, \u00e0 l\u2019abri de l\u2019humidit\u00e9.<\/p>","protected":false},"excerpt":{"rendered":"<p>Le b\u00e2ton de cannelle Makomas est une \u00e9pice 100 % naturelle qui apporte une saveur chaude et parfum\u00e9e \u00e0 vos<\/p>","protected":false},"featured_media":4614,"comment_status":"closed","ping_status":"closed","template":"","meta":[],"product_brand":[],"product_cat":[123],"product_tag":[],"class_list":{"0":"post-4458","1":"product","2":"type-product","3":"status-publish","4":"has-post-thumbnail","6":"product_cat-epices-condiments","7":"pa_taille-100g","9":"first","10":"instock","11":"shipping-taxable","12":"purchasable","13":"product-type-variable"},"_links":{"self":[{"href":"https:\/\/makomasci.com\/en\/wp-json\/wp\/v2\/product\/4458","targetHints":{"allow":["GET"]}}],"collection":[{"href":"https:\/\/makomasci.com\/en\/wp-json\/wp\/v2\/product"}],"about":[{"href":"https:\/\/makomasci.com\/en\/wp-json\/wp\/v2\/types\/product"}],"replies":[{"embeddable":true,"href":"https:\/\/makomasci.com\/en\/wp-json\/wp\/v2\/comments?post=4458"}],"version-history":[{"count":0,"href":"https:\/\/makomasci.com\/en\/wp-json\/wp\/v2\/product\/4458\/revisions"}],"wp:featuredmedia":[{"embeddable":true,"href":"https:\/\/makomasci.com\/en\/wp-json\/wp\/v2\/media\/4614"}],"wp:attachment":[{"href":"https:\/\/makomasci.com\/en\/wp-json\/wp\/v2\/media?parent=4458"}],"wp:term":[{"taxonomy":"product_brand","embeddable":true,"href":"https:\/\/makomasci.com\/en\/wp-json\/wp\/v2\/product_brand?post=4458"},{"taxonomy":"product_cat","embeddable":true,"href":"https:\/\/makomasci.com\/en\/wp-json\/wp\/v2\/product_cat?post=4458"},{"taxonomy":"product_tag","embeddable":true,"href":"https:\/\/makomasci.com\/en\/wp-json\/wp\/v2\/product_tag?post=4458"}],"curies":[{"name":"wp","href":"https:\/\/api.w.org\/{rel}","templated":true}]}}