{"id":4456,"date":"2025-10-03T15:29:08","date_gmt":"2025-10-03T15:29:08","guid":{"rendered":"https:\/\/makomasci.com\/?post_type=product&#038;p=4456"},"modified":"2025-11-07T15:25:23","modified_gmt":"2025-11-07T15:25:23","slug":"clou-de-girofle-en-poudre","status":"publish","type":"product","link":"https:\/\/makomasci.com\/en\/product\/clou-de-girofle-en-poudre\/","title":{"rendered":"Clou De Girofle En Poudre"},"content":{"rendered":"<p>Le clou de girofle Makomas, c\u2019est petit mais c\u2019est trop puissant ! Son parfum chaud et piquant r\u00e9veille toutes tes pr\u00e9parations : sauce, bouillon, grillades, p\u00e2tisseries, tout devient plus go\u00fbtu.<\/p>\n<p>En infusion, il est parfait pour calmer la toux, soulager la gorge et d\u00e9gager le nez quand le rhume te fatigue. Nos mamans l\u2019utilisent aussi en mac\u00e9r\u00e2t dans le beurre de karit\u00e9 ou les huiles, surtout pour les soins apr\u00e8s accouchement. Et c\u00f4t\u00e9 beaut\u00e9, le clou de girofle est champion : il aide \u00e0 fortifier les cheveux et stimuler la pousse naturellement. Chez nous, on dit souvent : <i>\u201cL\u00e0 o\u00f9 tu mets clou de girofle, sant\u00e9 et go\u00fbt viennent naturellement !\u201d<\/i><\/p>","protected":false},"excerpt":{"rendered":"<p>Le clou de girofle Makomas, c\u2019est petit mais c\u2019est trop puissant ! Son parfum chaud et piquant r\u00e9veille toutes tes<\/p>","protected":false},"featured_media":4610,"comment_status":"closed","ping_status":"closed","template":"","meta":[],"product_brand":[],"product_cat":[123],"product_tag":[],"class_list":{"0":"post-4456","1":"product","2":"type-product","3":"status-publish","4":"has-post-thumbnail","6":"product_cat-epices-condiments","7":"pa_taille-100g","9":"first","10":"instock","11":"shipping-taxable","12":"purchasable","13":"product-type-variable"},"_links":{"self":[{"href":"https:\/\/makomasci.com\/en\/wp-json\/wp\/v2\/product\/4456","targetHints":{"allow":["GET"]}}],"collection":[{"href":"https:\/\/makomasci.com\/en\/wp-json\/wp\/v2\/product"}],"about":[{"href":"https:\/\/makomasci.com\/en\/wp-json\/wp\/v2\/types\/product"}],"replies":[{"embeddable":true,"href":"https:\/\/makomasci.com\/en\/wp-json\/wp\/v2\/comments?post=4456"}],"version-history":[{"count":0,"href":"https:\/\/makomasci.com\/en\/wp-json\/wp\/v2\/product\/4456\/revisions"}],"wp:featuredmedia":[{"embeddable":true,"href":"https:\/\/makomasci.com\/en\/wp-json\/wp\/v2\/media\/4610"}],"wp:attachment":[{"href":"https:\/\/makomasci.com\/en\/wp-json\/wp\/v2\/media?parent=4456"}],"wp:term":[{"taxonomy":"product_brand","embeddable":true,"href":"https:\/\/makomasci.com\/en\/wp-json\/wp\/v2\/product_brand?post=4456"},{"taxonomy":"product_cat","embeddable":true,"href":"https:\/\/makomasci.com\/en\/wp-json\/wp\/v2\/product_cat?post=4456"},{"taxonomy":"product_tag","embeddable":true,"href":"https:\/\/makomasci.com\/en\/wp-json\/wp\/v2\/product_tag?post=4456"}],"curies":[{"name":"wp","href":"https:\/\/api.w.org\/{rel}","templated":true}]}}