{"id":4453,"date":"2025-10-03T15:29:08","date_gmt":"2025-10-03T15:29:08","guid":{"rendered":"https:\/\/makomasci.com\/?post_type=product&#038;p=4453"},"modified":"2025-10-22T19:21:32","modified_gmt":"2025-10-22T19:21:32","slug":"poudre-doignon","status":"publish","type":"product","link":"https:\/\/makomasci.com\/en\/product\/poudre-doignon\/","title":{"rendered":"Poudre D\u2019oignon"},"content":{"rendered":"<p>La poudre d\u2019oignon Makomas est un assaisonnement obtenu en s\u00e9chant puis en broyant des oignons frais, pour concentrer tout leur go\u00fbt et parfum naturel.<\/p>\n<p>Id\u00e9ale pour relever soupes, sauces, marinades, plats de viande ou l\u00e9gumes, elle apporte une saveur intense sans les inconv\u00e9nients des oignons frais, comme les larmes ou la d\u00e9coupe.<\/p>\n<p>Polyvalente et pratique, elle transforme tes recettes quotidiennes en plats savoureux et parfum\u00e9s, en un geste simple.<\/p>","protected":false},"excerpt":{"rendered":"<p>La poudre d\u2019oignon Makomas est un assaisonnement obtenu en s\u00e9chant puis en broyant des oignons frais, pour concentrer tout leur<\/p>","protected":false},"featured_media":4601,"comment_status":"closed","ping_status":"closed","template":"","meta":[],"product_brand":[],"product_cat":[123],"product_tag":[],"class_list":{"0":"post-4453","1":"product","2":"type-product","3":"status-publish","4":"has-post-thumbnail","6":"product_cat-epices-condiments","7":"pa_taille-100g","9":"first","10":"instock","11":"shipping-taxable","12":"purchasable","13":"product-type-variable"},"_links":{"self":[{"href":"https:\/\/makomasci.com\/en\/wp-json\/wp\/v2\/product\/4453","targetHints":{"allow":["GET"]}}],"collection":[{"href":"https:\/\/makomasci.com\/en\/wp-json\/wp\/v2\/product"}],"about":[{"href":"https:\/\/makomasci.com\/en\/wp-json\/wp\/v2\/types\/product"}],"replies":[{"embeddable":true,"href":"https:\/\/makomasci.com\/en\/wp-json\/wp\/v2\/comments?post=4453"}],"version-history":[{"count":0,"href":"https:\/\/makomasci.com\/en\/wp-json\/wp\/v2\/product\/4453\/revisions"}],"wp:featuredmedia":[{"embeddable":true,"href":"https:\/\/makomasci.com\/en\/wp-json\/wp\/v2\/media\/4601"}],"wp:attachment":[{"href":"https:\/\/makomasci.com\/en\/wp-json\/wp\/v2\/media?parent=4453"}],"wp:term":[{"taxonomy":"product_brand","embeddable":true,"href":"https:\/\/makomasci.com\/en\/wp-json\/wp\/v2\/product_brand?post=4453"},{"taxonomy":"product_cat","embeddable":true,"href":"https:\/\/makomasci.com\/en\/wp-json\/wp\/v2\/product_cat?post=4453"},{"taxonomy":"product_tag","embeddable":true,"href":"https:\/\/makomasci.com\/en\/wp-json\/wp\/v2\/product_tag?post=4453"}],"curies":[{"name":"wp","href":"https:\/\/api.w.org\/{rel}","templated":true}]}}