{"id":4452,"date":"2025-10-03T15:29:08","date_gmt":"2025-10-03T15:29:08","guid":{"rendered":"https:\/\/makomasci.com\/?post_type=product&#038;p=4452"},"modified":"2025-10-22T19:20:45","modified_gmt":"2025-10-22T19:20:45","slug":"soumbala","status":"publish","type":"product","link":"https:\/\/makomasci.com\/en\/product\/soumbala\/","title":{"rendered":"Soumbala"},"content":{"rendered":"<p>Confectionn\u00e9 \u00e0 base de graines de n\u00e9r\u00e9, le soumbala est une \u00e9pice fort parfum\u00e9e, bien puissante en go\u00fbt, qui sait imposer respect dans toutes tes pr\u00e9parations. Quand tu mets \u00e7a dans ta cuisine, plus besoin de cube maggi.<\/p>\n<p>En plus de donner go\u00fbt, le soumbala c\u2019est force sant\u00e9 : 35% de protides, 29% de lipides, du fer, et bien charg\u00e9 en vitamines C, B1 et B2. Il aide \u00e0 baisser la tension, combat la fatigue et te donne l\u2019\u00e9nergie pour <i>marcher dans la vall\u00e9e de l\u2019ombre de la mort<\/i>.<\/p>\n<p>Mets \u00e7a dans ton riz, dans ton bouillon, dans tes sauces : le go\u00fbt de \u00e7a ! Le fameux riz au soumbala , c\u2019est un plat tellement consistant que m\u00eame les pires ennemis peuvent s\u2019asseoir \u00e0 la m\u00eame table pour partager.<\/p>\n<p>Avec Makomas, tu as la garantie d\u2019un soumbala 100% naturel, sans additifs, sans conservateur.<\/p>\n<p>Soumbala Makomas : go\u00fbt terroir, go\u00fbt sant\u00e9, go\u00fbt vrai !<\/p>","protected":false},"excerpt":{"rendered":"<p>Confectionn\u00e9 \u00e0 base de graines de n\u00e9r\u00e9, le soumbala est une \u00e9pice fort parfum\u00e9e, bien puissante en go\u00fbt, qui sait<\/p>","protected":false},"featured_media":4588,"comment_status":"closed","ping_status":"closed","template":"","meta":[],"product_brand":[],"product_cat":[123],"product_tag":[],"class_list":{"0":"post-4452","1":"product","2":"type-product","3":"status-publish","4":"has-post-thumbnail","6":"product_cat-epices-condiments","7":"pa_taille-100g","9":"first","10":"instock","11":"shipping-taxable","12":"purchasable","13":"product-type-variable"},"_links":{"self":[{"href":"https:\/\/makomasci.com\/en\/wp-json\/wp\/v2\/product\/4452","targetHints":{"allow":["GET"]}}],"collection":[{"href":"https:\/\/makomasci.com\/en\/wp-json\/wp\/v2\/product"}],"about":[{"href":"https:\/\/makomasci.com\/en\/wp-json\/wp\/v2\/types\/product"}],"replies":[{"embeddable":true,"href":"https:\/\/makomasci.com\/en\/wp-json\/wp\/v2\/comments?post=4452"}],"version-history":[{"count":0,"href":"https:\/\/makomasci.com\/en\/wp-json\/wp\/v2\/product\/4452\/revisions"}],"wp:featuredmedia":[{"embeddable":true,"href":"https:\/\/makomasci.com\/en\/wp-json\/wp\/v2\/media\/4588"}],"wp:attachment":[{"href":"https:\/\/makomasci.com\/en\/wp-json\/wp\/v2\/media?parent=4452"}],"wp:term":[{"taxonomy":"product_brand","embeddable":true,"href":"https:\/\/makomasci.com\/en\/wp-json\/wp\/v2\/product_brand?post=4452"},{"taxonomy":"product_cat","embeddable":true,"href":"https:\/\/makomasci.com\/en\/wp-json\/wp\/v2\/product_cat?post=4452"},{"taxonomy":"product_tag","embeddable":true,"href":"https:\/\/makomasci.com\/en\/wp-json\/wp\/v2\/product_tag?post=4452"}],"curies":[{"name":"wp","href":"https:\/\/api.w.org\/{rel}","templated":true}]}}