{"id":4448,"date":"2025-10-03T15:29:08","date_gmt":"2025-10-03T15:29:08","guid":{"rendered":"https:\/\/makomasci.com\/?post_type=product&#038;p=4448"},"modified":"2025-10-22T19:19:02","modified_gmt":"2025-10-22T19:19:02","slug":"poivre-moulu","status":"publish","type":"product","link":"https:\/\/makomasci.com\/en\/product\/poivre-moulu\/","title":{"rendered":"Poivre Moulu"},"content":{"rendered":"<p>Tu veux que tes plats tapent direct dans le go\u00fbt ? Avec le poivre moulu Makomas, tes sauces, soupes, viandes, l\u00e9gumes ou m\u00eame riz vont avoir l\u2019ar\u00f4me qu\u2019il faut pour r\u00e9jouir les papilles.<\/p>\n<p>Moulu finement \u00e0 partir de grains de poivre s\u00e9lectionn\u00e9s, il garde tout l\u2019ar\u00f4me et la force naturelle. Un petit peu pour relever subtilement, un peu plus si tu veux que \u00e7a donne fort<\/p>\n<p>En plus du go\u00fbt, le poivre moulu est bon pour la digestion, booste ton m\u00e9tabolisme et aide ton corps \u00e0 mieux profiter des nutriments. Bref, il donne go\u00fbt et force sant\u00e9 \u00e0 tes plats.<\/p>\n<p>Avec le poivre moulu Makomas, tes recettes deviennent savoureuses et parfum\u00e9e.<\/p>","protected":false},"excerpt":{"rendered":"<p>Tu veux que tes plats tapent direct dans le go\u00fbt ? Avec le poivre moulu Makomas, tes sauces, soupes, viandes,<\/p>","protected":false},"featured_media":4527,"comment_status":"closed","ping_status":"closed","template":"","meta":[],"product_brand":[],"product_cat":[123],"product_tag":[],"class_list":{"0":"post-4448","1":"product","2":"type-product","3":"status-publish","4":"has-post-thumbnail","6":"product_cat-epices-condiments","7":"pa_taille-100g","9":"first","10":"instock","11":"shipping-taxable","12":"purchasable","13":"product-type-variable"},"_links":{"self":[{"href":"https:\/\/makomasci.com\/en\/wp-json\/wp\/v2\/product\/4448","targetHints":{"allow":["GET"]}}],"collection":[{"href":"https:\/\/makomasci.com\/en\/wp-json\/wp\/v2\/product"}],"about":[{"href":"https:\/\/makomasci.com\/en\/wp-json\/wp\/v2\/types\/product"}],"replies":[{"embeddable":true,"href":"https:\/\/makomasci.com\/en\/wp-json\/wp\/v2\/comments?post=4448"}],"version-history":[{"count":0,"href":"https:\/\/makomasci.com\/en\/wp-json\/wp\/v2\/product\/4448\/revisions"}],"wp:featuredmedia":[{"embeddable":true,"href":"https:\/\/makomasci.com\/en\/wp-json\/wp\/v2\/media\/4527"}],"wp:attachment":[{"href":"https:\/\/makomasci.com\/en\/wp-json\/wp\/v2\/media?parent=4448"}],"wp:term":[{"taxonomy":"product_brand","embeddable":true,"href":"https:\/\/makomasci.com\/en\/wp-json\/wp\/v2\/product_brand?post=4448"},{"taxonomy":"product_cat","embeddable":true,"href":"https:\/\/makomasci.com\/en\/wp-json\/wp\/v2\/product_cat?post=4448"},{"taxonomy":"product_tag","embeddable":true,"href":"https:\/\/makomasci.com\/en\/wp-json\/wp\/v2\/product_tag?post=4448"}],"curies":[{"name":"wp","href":"https:\/\/api.w.org\/{rel}","templated":true}]}}