{"id":2990,"date":"2025-09-24T15:57:36","date_gmt":"2025-09-24T15:57:36","guid":{"rendered":"https:\/\/makomasci.com\/?post_type=product&#038;p=2990"},"modified":"2026-03-04T18:55:05","modified_gmt":"2026-03-04T18:55:05","slug":"tchongon-frais","status":"publish","type":"product","link":"https:\/\/makomasci.com\/en\/product\/tchongon-frais\/","title":{"rendered":"Tchongon Frais"},"content":{"rendered":"<p>Qui n\u2019a jamais croqu\u00e9 un petit <i>tchongon<\/i> au d\u00e9tour d\u2019une rue d\u2019Abidjan ou d\u2019un march\u00e9 de quartier ? Ces petites graines au go\u00fbt unique, \u00e0 la fois doux et croquant, sont bien plus qu\u2019une simple gourmandise : elles apportent \u00e9nergie, vitalit\u00e9 et un vrai plaisir en bouche. Riche en fibres, prot\u00e9ines et bons nutriments, le souchet prend soin de la digestion, rassasie rapidement et soutient le c\u0153ur. C\u2019est aussi un petit secret beaut\u00e9 : il aide \u00e0 garder une belle peau et des cheveux en pleine sant\u00e9. 100% naturel, sans additifs ni conservateurs, le <i>tchongon<\/i> est ce snack africain authentique qui allie plaisir et bien-\u00eatre \u00e0 chaque bouch\u00e9e.<\/p>\n<p>Conseils d\u2019utilisation\u00a0:<\/p>\n<ul>\n<li>En boisson : mix\u00e9 en lait de souchet onctueux, nature ou sucr\u00e9, ou int\u00e9gr\u00e9 dans vos jus maison.<\/li>\n<li>En collation : \u00e0 croquer tel quel, pour retrouver ce petit plaisir croquant qui rappelle les saveurs d\u2019enfance et cale en douceur.<\/li>\n<\/ul>\n<p>\u00c0 conserver au sec, \u00e0 l\u2019abri de l\u2019humidit\u00e9.<\/p>","protected":false},"excerpt":{"rendered":"<p>Qui n\u2019a jamais croqu\u00e9 un petit tchongon au d\u00e9tour d\u2019une rue d\u2019Abidjan ou d\u2019un march\u00e9 de quartier ? Ces petites<\/p>","protected":false},"featured_media":3064,"comment_status":"closed","ping_status":"closed","template":"","meta":[],"product_brand":[],"product_cat":[129],"product_tag":[],"class_list":{"0":"post-2990","1":"product","2":"type-product","3":"status-publish","4":"has-post-thumbnail","6":"product_cat-gourmandises-petits-dejeuners-gouters","7":"pa_taille-1kg","8":"pa_taille-500g","10":"first","11":"instock","12":"shipping-taxable","13":"purchasable","14":"product-type-variable"},"_links":{"self":[{"href":"https:\/\/makomasci.com\/en\/wp-json\/wp\/v2\/product\/2990","targetHints":{"allow":["GET"]}}],"collection":[{"href":"https:\/\/makomasci.com\/en\/wp-json\/wp\/v2\/product"}],"about":[{"href":"https:\/\/makomasci.com\/en\/wp-json\/wp\/v2\/types\/product"}],"replies":[{"embeddable":true,"href":"https:\/\/makomasci.com\/en\/wp-json\/wp\/v2\/comments?post=2990"}],"version-history":[{"count":1,"href":"https:\/\/makomasci.com\/en\/wp-json\/wp\/v2\/product\/2990\/revisions"}],"predecessor-version":[{"id":9629,"href":"https:\/\/makomasci.com\/en\/wp-json\/wp\/v2\/product\/2990\/revisions\/9629"}],"wp:featuredmedia":[{"embeddable":true,"href":"https:\/\/makomasci.com\/en\/wp-json\/wp\/v2\/media\/3064"}],"wp:attachment":[{"href":"https:\/\/makomasci.com\/en\/wp-json\/wp\/v2\/media?parent=2990"}],"wp:term":[{"taxonomy":"product_brand","embeddable":true,"href":"https:\/\/makomasci.com\/en\/wp-json\/wp\/v2\/product_brand?post=2990"},{"taxonomy":"product_cat","embeddable":true,"href":"https:\/\/makomasci.com\/en\/wp-json\/wp\/v2\/product_cat?post=2990"},{"taxonomy":"product_tag","embeddable":true,"href":"https:\/\/makomasci.com\/en\/wp-json\/wp\/v2\/product_tag?post=2990"}],"curies":[{"name":"wp","href":"https:\/\/api.w.org\/{rel}","templated":true}]}}