{"id":2989,"date":"2025-09-24T15:57:36","date_gmt":"2025-09-24T15:57:36","guid":{"rendered":"https:\/\/makomasci.com\/?post_type=product&#038;p=2989"},"modified":"2025-10-23T15:50:04","modified_gmt":"2025-10-23T15:50:04","slug":"poudre-de-cacao","status":"publish","type":"product","link":"https:\/\/makomasci.com\/en\/product\/poudre-de-cacao\/","title":{"rendered":"Poudre De Cacao"},"content":{"rendered":"<p><span style=\"font-weight: 400;\">Un parfum envo\u00fbtant, une couleur profonde, une saveur intense\u2026 la poudre de cacao, c\u2019est l\u2019ingr\u00e9dient qui transforme chaque pr\u00e9paration en un moment de pur bonheur. Riche en antioxydants naturels, elle prot\u00e8ge le c\u0153ur, stimule l\u2019esprit et met instantan\u00e9ment de bonne humeur. Chaque cuill\u00e8re est une promesse de chaleur, de douceur et de gourmandise.<\/span><\/p>\n<p><span style=\"font-weight: 400;\">Source de fibres, de vitamines et de min\u00e9raux essentiels, notre cacao 100 % naturel est un alli\u00e9 bien-\u00eatre, mais surtout un tr\u00e9sor de plaisir. Qu\u2019il soit d\u00e9licatement saupoudr\u00e9 sur vos fruits, incorpor\u00e9 \u00e0 vos g\u00e2teaux ou m\u00e9lang\u00e9 dans un chocolat chaud onctueux, il saura \u00e9veiller vos papilles et r\u00e9chauffer vos instants de partage.<\/span><\/p>\n<p><span style=\"font-weight: 400;\">Conseils d\u2019utilisation\u00a0:<\/span><\/p>\n<ul>\n<li><span style=\"font-weight: 400;\"> Saupoudrer sur vos fruits frais, cr\u00eapes ou yaourts<\/span><span style=\"font-weight: 400;\"><br \/>\n<\/span><span style=\"font-weight: 400;\">\u2022 Incorporer dans vos p\u00e2tisseries, brownies et mousses au chocolat<\/span><span style=\"font-weight: 400;\"><br \/>\n<\/span><span style=\"font-weight: 400;\">\u2022 Pr\u00e9parer des boissons chaudes et r\u00e9confortantes ou glac\u00e9es et rafra\u00eechissantes<\/span><span style=\"font-weight: 400;\"><br \/>\n<\/span><span style=\"font-weight: 400;\">\u2022 Ajouter dans les glaces et desserts pour une touche intense de cacao<\/span><\/li>\n<\/ul>\n<p><span style=\"font-weight: 400;\">Conserver au sec, \u00e0 l\u2019abri de l\u2019humidit\u00e9\u2026 et laissez parler la gourmandise.<\/span><\/p>","protected":false},"excerpt":{"rendered":"<p>Un parfum envo\u00fbtant, une couleur profonde, une saveur intense\u2026 la poudre de cacao, c\u2019est l\u2019ingr\u00e9dient qui transforme chaque pr\u00e9paration en<\/p>","protected":false},"featured_media":3067,"comment_status":"closed","ping_status":"closed","template":"","meta":[],"product_brand":[],"product_cat":[129],"product_tag":[],"class_list":{"0":"post-2989","1":"product","2":"type-product","3":"status-publish","4":"has-post-thumbnail","6":"product_cat-gourmandises-petits-dejeuners-gouters","7":"pa_taille-1kg","9":"first","10":"instock","11":"shipping-taxable","12":"purchasable","13":"product-type-variable"},"_links":{"self":[{"href":"https:\/\/makomasci.com\/en\/wp-json\/wp\/v2\/product\/2989","targetHints":{"allow":["GET"]}}],"collection":[{"href":"https:\/\/makomasci.com\/en\/wp-json\/wp\/v2\/product"}],"about":[{"href":"https:\/\/makomasci.com\/en\/wp-json\/wp\/v2\/types\/product"}],"replies":[{"embeddable":true,"href":"https:\/\/makomasci.com\/en\/wp-json\/wp\/v2\/comments?post=2989"}],"version-history":[{"count":0,"href":"https:\/\/makomasci.com\/en\/wp-json\/wp\/v2\/product\/2989\/revisions"}],"wp:featuredmedia":[{"embeddable":true,"href":"https:\/\/makomasci.com\/en\/wp-json\/wp\/v2\/media\/3067"}],"wp:attachment":[{"href":"https:\/\/makomasci.com\/en\/wp-json\/wp\/v2\/media?parent=2989"}],"wp:term":[{"taxonomy":"product_brand","embeddable":true,"href":"https:\/\/makomasci.com\/en\/wp-json\/wp\/v2\/product_brand?post=2989"},{"taxonomy":"product_cat","embeddable":true,"href":"https:\/\/makomasci.com\/en\/wp-json\/wp\/v2\/product_cat?post=2989"},{"taxonomy":"product_tag","embeddable":true,"href":"https:\/\/makomasci.com\/en\/wp-json\/wp\/v2\/product_tag?post=2989"}],"curies":[{"name":"wp","href":"https:\/\/api.w.org\/{rel}","templated":true}]}}