{"id":2987,"date":"2025-09-24T15:57:36","date_gmt":"2025-09-24T15:57:36","guid":{"rendered":"https:\/\/makomasci.com\/?post_type=product&#038;p=2987"},"modified":"2025-10-23T15:47:53","modified_gmt":"2025-10-23T15:47:53","slug":"noix-de-cajou-grillees","status":"publish","type":"product","link":"https:\/\/makomasci.com\/en\/product\/noix-de-cajou-grillees\/","title":{"rendered":"Noix De Cajou Grill\u00e9es"},"content":{"rendered":"<p>Savoureuses et irr\u00e9sistiblement croquantes, nos noix de cajou grill\u00e9es sont bien plus qu\u2019une simple collation : elles sont un concentr\u00e9 de vitalit\u00e9 et de bien-\u00eatre. Naturellement riches en prot\u00e9ines et bonnes graisses, elles apportent de l\u2019\u00e9nergie durable, favorisent la sati\u00e9t\u00e9 et contribuent \u00e0 la protection du c\u0153ur et des vaisseaux.<\/p>\n<p>Gr\u00e2ce \u00e0 leur richesse en min\u00e9raux, elles soutiennent la solidit\u00e9 des os et des dents, r\u00e9duisent la fatigue et aident \u00e0 mieux g\u00e9rer le stress du quotidien.<\/p>\n<p>Polyvalentes et gourmandes, elles se d\u00e9gustent :<\/p>\n<ul>\n<li style=\"font-weight: 400;\" aria-level=\"1\">Nature, \u00e0 croquer comme collation saine et nourrissante,<\/li>\n<li style=\"font-weight: 400;\" aria-level=\"1\">En cuisine, pour rehausser vos salades, plats saut\u00e9s ou desserts d\u2019une touche croquante et raffin\u00e9e.<\/li>\n<\/ul>\n<p>100 % naturelles, sans additifs ni conservateurs.<br \/>\n\u00c0 conserver au sec, \u00e0 l\u2019abri de l\u2019humidit\u00e9.<\/p>","protected":false},"excerpt":{"rendered":"<p>Savoureuses et irr\u00e9sistiblement croquantes, nos noix de cajou grill\u00e9es sont bien plus qu\u2019une simple collation : elles sont un concentr\u00e9<\/p>","protected":false},"featured_media":3081,"comment_status":"closed","ping_status":"closed","template":"","meta":[],"product_brand":[],"product_cat":[129],"product_tag":[],"class_list":{"0":"post-2987","1":"product","2":"type-product","3":"status-publish","4":"has-post-thumbnail","6":"product_cat-gourmandises-petits-dejeuners-gouters","7":"pa_taille-100g","8":"pa_taille-250g","9":"pa_taille-500g","11":"first","12":"instock","13":"shipping-taxable","14":"purchasable","15":"product-type-variable"},"_links":{"self":[{"href":"https:\/\/makomasci.com\/en\/wp-json\/wp\/v2\/product\/2987","targetHints":{"allow":["GET"]}}],"collection":[{"href":"https:\/\/makomasci.com\/en\/wp-json\/wp\/v2\/product"}],"about":[{"href":"https:\/\/makomasci.com\/en\/wp-json\/wp\/v2\/types\/product"}],"replies":[{"embeddable":true,"href":"https:\/\/makomasci.com\/en\/wp-json\/wp\/v2\/comments?post=2987"}],"version-history":[{"count":0,"href":"https:\/\/makomasci.com\/en\/wp-json\/wp\/v2\/product\/2987\/revisions"}],"wp:featuredmedia":[{"embeddable":true,"href":"https:\/\/makomasci.com\/en\/wp-json\/wp\/v2\/media\/3081"}],"wp:attachment":[{"href":"https:\/\/makomasci.com\/en\/wp-json\/wp\/v2\/media?parent=2987"}],"wp:term":[{"taxonomy":"product_brand","embeddable":true,"href":"https:\/\/makomasci.com\/en\/wp-json\/wp\/v2\/product_brand?post=2987"},{"taxonomy":"product_cat","embeddable":true,"href":"https:\/\/makomasci.com\/en\/wp-json\/wp\/v2\/product_cat?post=2987"},{"taxonomy":"product_tag","embeddable":true,"href":"https:\/\/makomasci.com\/en\/wp-json\/wp\/v2\/product_tag?post=2987"}],"curies":[{"name":"wp","href":"https:\/\/api.w.org\/{rel}","templated":true}]}}