{"id":2888,"date":"2025-09-24T13:23:17","date_gmt":"2025-09-24T13:23:17","guid":{"rendered":"https:\/\/makomasci.com\/?post_type=product&#038;p=2888"},"modified":"2025-11-07T14:59:47","modified_gmt":"2025-11-07T14:59:47","slug":"beurre-de-mangue","status":"publish","type":"product","link":"https:\/\/makomasci.com\/en\/product\/beurre-de-mangue\/","title":{"rendered":"Beurre De Mangue"},"content":{"rendered":"<p><span style=\"font-weight: 400;\">Le beurre de mangue pur, 100\u202f% naturel, glisse sur la peau comme un nuage. Il nourrit, hydrate et laisse un parfum fruit\u00e9 qui fait sourire rien qu\u2019en ouvrant le pot. Ta peau devient douce et \u00e9clatante, tes cheveux soyeux et brillants, prot\u00e9g\u00e9s du soleil et de la poussi\u00e8re.<\/span><\/p>\n<p><span style=\"font-weight: 400;\">Riche en vitamines A et E, c\u2019est le soin naturel qui r\u00e9g\u00e9n\u00e8re et prot\u00e8ge. Pour le corps, les cheveux ou juste pour se faire plaisir, une petite noisette suffit pour sentir la chaleur et la douceur de l\u2019Afrique sur toi.<\/span><\/p>","protected":false},"excerpt":{"rendered":"<p>Le beurre de mangue pur, 100\u202f% naturel, glisse sur la peau comme un nuage. Il nourrit, hydrate et laisse un<\/p>","protected":false},"featured_media":2892,"comment_status":"open","ping_status":"closed","template":"","meta":[],"product_brand":[],"product_cat":[137],"product_tag":[],"class_list":{"0":"post-2888","1":"product","2":"type-product","3":"status-publish","4":"has-post-thumbnail","6":"product_cat-huiles-beurres-naturels","7":"pa_taille-250g","8":"pa_taille-500g","10":"first","11":"instock","12":"shipping-taxable","13":"purchasable","14":"product-type-variable"},"_links":{"self":[{"href":"https:\/\/makomasci.com\/en\/wp-json\/wp\/v2\/product\/2888","targetHints":{"allow":["GET"]}}],"collection":[{"href":"https:\/\/makomasci.com\/en\/wp-json\/wp\/v2\/product"}],"about":[{"href":"https:\/\/makomasci.com\/en\/wp-json\/wp\/v2\/types\/product"}],"replies":[{"embeddable":true,"href":"https:\/\/makomasci.com\/en\/wp-json\/wp\/v2\/comments?post=2888"}],"version-history":[{"count":0,"href":"https:\/\/makomasci.com\/en\/wp-json\/wp\/v2\/product\/2888\/revisions"}],"wp:featuredmedia":[{"embeddable":true,"href":"https:\/\/makomasci.com\/en\/wp-json\/wp\/v2\/media\/2892"}],"wp:attachment":[{"href":"https:\/\/makomasci.com\/en\/wp-json\/wp\/v2\/media?parent=2888"}],"wp:term":[{"taxonomy":"product_brand","embeddable":true,"href":"https:\/\/makomasci.com\/en\/wp-json\/wp\/v2\/product_brand?post=2888"},{"taxonomy":"product_cat","embeddable":true,"href":"https:\/\/makomasci.com\/en\/wp-json\/wp\/v2\/product_cat?post=2888"},{"taxonomy":"product_tag","embeddable":true,"href":"https:\/\/makomasci.com\/en\/wp-json\/wp\/v2\/product_tag?post=2888"}],"curies":[{"name":"wp","href":"https:\/\/api.w.org\/{rel}","templated":true}]}}