{"id":2775,"date":"2025-09-24T11:08:45","date_gmt":"2025-09-24T11:08:45","guid":{"rendered":"https:\/\/makomasci.com\/?post_type=product&#038;p=2775"},"modified":"2025-10-23T16:47:14","modified_gmt":"2025-10-23T16:47:14","slug":"gongoli-khamare-bien-etre-feminin-confort-intime","status":"publish","type":"product","link":"https:\/\/makomasci.com\/en\/product\/gongoli-khamare-bien-etre-feminin-confort-intime\/","title":{"rendered":"Gongoli \/ khamar\u00e9 (Bien-\u00eatre F\u00e9minin, Confort Intime)"},"content":{"rendered":"<p>Le Gongoli Makomas, c\u2019est le secret des reines africaines\u00a0!<\/p>\n<p>Cette plante aide \u00e0 soulager les douleurs menstruelles, apporter confort intime, favoriser la digestion, et poss\u00e8de des propri\u00e9t\u00e9s anti-inflammatoires naturelles. En plus, elle contribue \u00e0 garder la peau fra\u00eeche et l\u2019haleine hydrat\u00e9e.<\/p>\n<p>Pour en profiter : en infusion chaude, lave 1 \u00e0 2 tiges, fais bouillir 10 minutes, filtre et bois chaud pour soulager les r\u00e8gles et faciliter la digestion. En infusion froide, laisse infuser 1 \u00e0 2 tiges toute la nuit dans 1,5\u202fL d\u2019eau au frais pour un effet d\u00e9salt\u00e9rant et bien-\u00eatre g\u00e9n\u00e9ral. \u00c0 consommer r\u00e9guli\u00e8rement pour tirer le maximum de ses vertus. 100% naturel et sans additifs.<\/p>\n<p>Petite pr\u00e9caution : interdit aux femmes enceintes.<\/p>","protected":false},"excerpt":{"rendered":"<p>Le Gongoli Makomas, c\u2019est le secret des reines africaines\u00a0! Cette plante aide \u00e0 soulager les douleurs menstruelles, apporter confort intime,<\/p>","protected":false},"featured_media":2776,"comment_status":"open","ping_status":"closed","template":"","meta":[],"product_brand":[],"product_cat":[136],"product_tag":[],"class_list":{"0":"post-2775","1":"product","2":"type-product","3":"status-publish","4":"has-post-thumbnail","6":"product_cat-bien-etre","7":"pa_taille-12-tiges","8":"pa_taille-2-tiges","9":"pa_taille-5-tiges","11":"first","12":"instock","13":"shipping-taxable","14":"purchasable","15":"product-type-variable"},"_links":{"self":[{"href":"https:\/\/makomasci.com\/en\/wp-json\/wp\/v2\/product\/2775","targetHints":{"allow":["GET"]}}],"collection":[{"href":"https:\/\/makomasci.com\/en\/wp-json\/wp\/v2\/product"}],"about":[{"href":"https:\/\/makomasci.com\/en\/wp-json\/wp\/v2\/types\/product"}],"replies":[{"embeddable":true,"href":"https:\/\/makomasci.com\/en\/wp-json\/wp\/v2\/comments?post=2775"}],"version-history":[{"count":0,"href":"https:\/\/makomasci.com\/en\/wp-json\/wp\/v2\/product\/2775\/revisions"}],"wp:featuredmedia":[{"embeddable":true,"href":"https:\/\/makomasci.com\/en\/wp-json\/wp\/v2\/media\/2776"}],"wp:attachment":[{"href":"https:\/\/makomasci.com\/en\/wp-json\/wp\/v2\/media?parent=2775"}],"wp:term":[{"taxonomy":"product_brand","embeddable":true,"href":"https:\/\/makomasci.com\/en\/wp-json\/wp\/v2\/product_brand?post=2775"},{"taxonomy":"product_cat","embeddable":true,"href":"https:\/\/makomasci.com\/en\/wp-json\/wp\/v2\/product_cat?post=2775"},{"taxonomy":"product_tag","embeddable":true,"href":"https:\/\/makomasci.com\/en\/wp-json\/wp\/v2\/product_tag?post=2775"}],"curies":[{"name":"wp","href":"https:\/\/api.w.org\/{rel}","templated":true}]}}