{"id":2745,"date":"2025-09-23T19:01:06","date_gmt":"2025-09-23T19:01:06","guid":{"rendered":"https:\/\/makomasci.com\/?post_type=product&#038;p=2745"},"modified":"2025-10-23T16:42:12","modified_gmt":"2025-10-23T16:42:12","slug":"petit-cola","status":"publish","type":"product","link":"https:\/\/makomasci.com\/en\/product\/petit-cola\/","title":{"rendered":"Petit Cola"},"content":{"rendered":"<p><span style=\"font-weight: 400;\">Le petit cola, c\u2019est ton boost naturel pour tenir la journ\u00e9e et retrouver ton \u00e9nergie \u00e0 la minute ! 100 % naturel, il r\u00e9veille le corps et l\u2019esprit, r\u00e9duit la fatigue et stimule ta concentration. En plus, c\u2019est un aphrodisiaque naturel qui donne un petit coup de pouce \u00e0 la fertilit\u00e9 et laisse une haleine fra\u00eeche. Son go\u00fbt unique fait voyager tes boissons, infusions et d\u00e9coctions directement dans les saveurs africaines authentiques.<\/span><\/p>\n<ul>\n<li style=\"font-weight: 400;\" aria-level=\"1\"><span style=\"font-weight: 400;\">C\u00f4t\u00e9 utilisation, tu peux te faire plaisir \u00e0 ta fa\u00e7on :<\/span><\/li>\n<li style=\"font-weight: 400;\" aria-level=\"1\"><span style=\"font-weight: 400;\">En infusion : mets 1 \u00e0 2 graines ou une demi-cuill\u00e8re de poudre dans une tasse d\u2019eau chaude et profite de la magie<\/span><\/li>\n<li style=\"font-weight: 400;\" aria-level=\"1\"><span style=\"font-weight: 400;\">En cuisine : incorpore la poudre dans tes smoothies, boissons locales ou recettes traditionnelles<\/span><\/li>\n<li style=\"font-weight: 400;\" aria-level=\"1\"><span style=\"font-weight: 400;\">Astuce : m\u00e2che quelques graines pour lib\u00e9rer tout l\u2019ar\u00f4me et profiter direct des effets toniques<\/span><\/li>\n<\/ul>\n<p><span style=\"font-weight: 400;\">Conserve au sec, \u00e0 l\u2019abri de l\u2019humidit\u00e9, et ton petit cola reste toujours pr\u00eat \u00e0 te booster !<\/span><\/p>","protected":false},"excerpt":{"rendered":"<p>Le petit cola, c\u2019est ton boost naturel pour tenir la journ\u00e9e et retrouver ton \u00e9nergie \u00e0 la minute ! 100<\/p>","protected":false},"featured_media":2746,"comment_status":"open","ping_status":"closed","template":"","meta":[],"product_brand":[],"product_cat":[134],"product_tag":[],"class_list":{"0":"post-2745","1":"product","2":"type-product","3":"status-publish","4":"has-post-thumbnail","6":"product_cat-super-aliments","7":"pa_taille-100g","9":"first","10":"instock","11":"shipping-taxable","12":"purchasable","13":"product-type-variable"},"_links":{"self":[{"href":"https:\/\/makomasci.com\/en\/wp-json\/wp\/v2\/product\/2745","targetHints":{"allow":["GET"]}}],"collection":[{"href":"https:\/\/makomasci.com\/en\/wp-json\/wp\/v2\/product"}],"about":[{"href":"https:\/\/makomasci.com\/en\/wp-json\/wp\/v2\/types\/product"}],"replies":[{"embeddable":true,"href":"https:\/\/makomasci.com\/en\/wp-json\/wp\/v2\/comments?post=2745"}],"version-history":[{"count":0,"href":"https:\/\/makomasci.com\/en\/wp-json\/wp\/v2\/product\/2745\/revisions"}],"wp:featuredmedia":[{"embeddable":true,"href":"https:\/\/makomasci.com\/en\/wp-json\/wp\/v2\/media\/2746"}],"wp:attachment":[{"href":"https:\/\/makomasci.com\/en\/wp-json\/wp\/v2\/media?parent=2745"}],"wp:term":[{"taxonomy":"product_brand","embeddable":true,"href":"https:\/\/makomasci.com\/en\/wp-json\/wp\/v2\/product_brand?post=2745"},{"taxonomy":"product_cat","embeddable":true,"href":"https:\/\/makomasci.com\/en\/wp-json\/wp\/v2\/product_cat?post=2745"},{"taxonomy":"product_tag","embeddable":true,"href":"https:\/\/makomasci.com\/en\/wp-json\/wp\/v2\/product_tag?post=2745"}],"curies":[{"name":"wp","href":"https:\/\/api.w.org\/{rel}","templated":true}]}}