{"id":2727,"date":"2025-09-23T18:34:07","date_gmt":"2025-09-23T18:34:07","guid":{"rendered":"https:\/\/makomasci.com\/?post_type=product&#038;p=2727"},"modified":"2025-11-07T15:47:47","modified_gmt":"2025-11-07T15:47:47","slug":"moringa","status":"publish","type":"product","link":"https:\/\/makomasci.com\/en\/product\/moringa\/","title":{"rendered":"Moringa"},"content":{"rendered":"<p>Derri\u00e8re sa couleur intense, se cache une force tranquille : des feuilles de moringa s\u00e9ch\u00e9es avec soin, puis r\u00e9duites en une fine poudre qui fait du bien \u00e0 tout ton corps. Ce n\u2019est pas pour rien qu\u2019on l\u2019appelle \u00ab l\u2019arbre de vie \u00bb\u00a0; tout y est bon ! \u00c9nergie, fer, calcium, vitamines, prot\u00e9ines\u2026 bref, un concentr\u00e9 de nature qui redonne le feu \u00e0 ton syst\u00e8me.<\/p>\n<p>Le matin dans un smoothie, \u00e0 midi dans la sauce, ou m\u00eame saupoudr\u00e9e sur le riz, elle s\u2019invite partout sans faire de bruit, mais son effet se fait sentir. Elle t\u2019aide \u00e0 rester en forme, \u00e0 booster ton immunit\u00e9 et \u00e0 garder la p\u00eache m\u00eame quand le soleil tape fort.<\/p>\n<p>Chez Makomas, on ne voit pas juste une poudre. On voit une tradition, un savoir-faire ancestral, et surtout une promesse : celle d\u2019une sant\u00e9 naturelle qui pousse dans nos champs, entre les mains de nos mamans rurales.<br \/>\n<span style=\"font-weight: 400;\">La poudre de moringa, c\u2019est plus qu\u2019un super-aliment , c\u2019est un super-pouvoir africain <\/span><\/p>","protected":false},"excerpt":{"rendered":"<p>Derri\u00e8re sa couleur intense, se cache une force tranquille : des feuilles de moringa s\u00e9ch\u00e9es avec soin, puis r\u00e9duites en<\/p>","protected":false},"featured_media":2728,"comment_status":"open","ping_status":"closed","template":"","meta":[],"product_brand":[],"product_cat":[134],"product_tag":[],"class_list":{"0":"post-2727","1":"product","2":"type-product","3":"status-publish","4":"has-post-thumbnail","6":"product_cat-super-aliments","7":"pa_taille-100g","8":"pa_taille-250g","10":"first","11":"instock","12":"shipping-taxable","13":"purchasable","14":"product-type-variable"},"_links":{"self":[{"href":"https:\/\/makomasci.com\/en\/wp-json\/wp\/v2\/product\/2727","targetHints":{"allow":["GET"]}}],"collection":[{"href":"https:\/\/makomasci.com\/en\/wp-json\/wp\/v2\/product"}],"about":[{"href":"https:\/\/makomasci.com\/en\/wp-json\/wp\/v2\/types\/product"}],"replies":[{"embeddable":true,"href":"https:\/\/makomasci.com\/en\/wp-json\/wp\/v2\/comments?post=2727"}],"version-history":[{"count":0,"href":"https:\/\/makomasci.com\/en\/wp-json\/wp\/v2\/product\/2727\/revisions"}],"wp:featuredmedia":[{"embeddable":true,"href":"https:\/\/makomasci.com\/en\/wp-json\/wp\/v2\/media\/2728"}],"wp:attachment":[{"href":"https:\/\/makomasci.com\/en\/wp-json\/wp\/v2\/media?parent=2727"}],"wp:term":[{"taxonomy":"product_brand","embeddable":true,"href":"https:\/\/makomasci.com\/en\/wp-json\/wp\/v2\/product_brand?post=2727"},{"taxonomy":"product_cat","embeddable":true,"href":"https:\/\/makomasci.com\/en\/wp-json\/wp\/v2\/product_cat?post=2727"},{"taxonomy":"product_tag","embeddable":true,"href":"https:\/\/makomasci.com\/en\/wp-json\/wp\/v2\/product_tag?post=2727"}],"curies":[{"name":"wp","href":"https:\/\/api.w.org\/{rel}","templated":true}]}}