{"id":2724,"date":"2025-09-23T18:19:57","date_gmt":"2025-09-23T18:19:57","guid":{"rendered":"https:\/\/makomasci.com\/?post_type=product&#038;p=2724"},"modified":"2025-10-23T15:27:30","modified_gmt":"2025-10-23T15:27:30","slug":"granules-de-mais","status":"publish","type":"product","link":"https:\/\/makomasci.com\/en\/product\/granules-de-mais\/","title":{"rendered":"Granul\u00e9s De Ma\u00efs"},"content":{"rendered":"<p><span style=\"font-weight: 400;\">Nos granul\u00e9s de ma\u00efs, c\u2019est du soleil en grains ! 100 % naturel, sans additifs ni conservateurs, ils sont \u00e0 la fois nutritifs et faciles \u00e0 dig\u00e9rer. Riches en glucides pour te booster d\u00e8s le matin, en fibres qui prennent soin de ta digestion et en prot\u00e9ines v\u00e9g\u00e9tales qui \u00e9quilibrent ton alimentation, ils apportent aussi vitamines et min\u00e9raux pour rester en forme toute la journ\u00e9e. En plus, ils soutiennent la sant\u00e9 du c\u0153ur et aident \u00e0 r\u00e9guler le cholest\u00e9rol.<\/span><\/p>\n<p><span style=\"font-weight: 400;\">Et puis, avouons-le\u00a0, d\u00e8s qu\u2019ils cuisent, leur parfum chaud et r\u00e9confortant embaume la cuisine. Rien que l\u2019odeur te donne faim !<\/span><\/p>\n<p><span style=\"font-weight: 400;\">Comment le savourer\u00a0?<\/span><\/p>\n<ul>\n<li style=\"font-weight: 400;\" aria-level=\"1\"><span style=\"font-weight: 400;\">D\u00eagu\u00ea : au petit-d\u00e9j\u2019, nature ou sucr\u00e9, avec du lait et un peu de sucre, un vrai r\u00e9gal.<\/span><\/li>\n<li style=\"font-weight: 400;\" aria-level=\"1\"><span style=\"font-weight: 400;\">Bouillie : douce et digeste, parfaite pour les b\u00e9b\u00e9s, les enfants et m\u00eame les adultes.<\/span><\/li>\n<li style=\"font-weight: 400;\" aria-level=\"1\"><span style=\"font-weight: 400;\">P\u00e2tisseries maison : pour tes g\u00e2teaux, tortillas, cr\u00eapes ou beignets pour plus de saveur.<\/span><\/li>\n<\/ul>\n<p><span style=\"font-weight: 400;\">\u00c0 conserver au sec, \u00e0 l\u2019abri de l\u2019humidit\u00e9, pour garder toute leur fra\u00eecheur et leur go\u00fbt.<\/span><\/p>","protected":false},"excerpt":{"rendered":"<p>Nos granul\u00e9s de ma\u00efs, c\u2019est du soleil en grains ! 100 % naturel, sans additifs ni conservateurs, ils sont \u00e0<\/p>","protected":false},"featured_media":2725,"comment_status":"open","ping_status":"closed","template":"","meta":[],"product_brand":[],"product_cat":[132],"product_tag":[],"class_list":{"0":"post-2724","1":"product","2":"type-product","3":"status-publish","4":"has-post-thumbnail","6":"product_cat-mais","7":"pa_taille-1kg","8":"pa_taille-500g","10":"first","11":"instock","12":"shipping-taxable","13":"purchasable","14":"product-type-variable"},"_links":{"self":[{"href":"https:\/\/makomasci.com\/en\/wp-json\/wp\/v2\/product\/2724","targetHints":{"allow":["GET"]}}],"collection":[{"href":"https:\/\/makomasci.com\/en\/wp-json\/wp\/v2\/product"}],"about":[{"href":"https:\/\/makomasci.com\/en\/wp-json\/wp\/v2\/types\/product"}],"replies":[{"embeddable":true,"href":"https:\/\/makomasci.com\/en\/wp-json\/wp\/v2\/comments?post=2724"}],"version-history":[{"count":0,"href":"https:\/\/makomasci.com\/en\/wp-json\/wp\/v2\/product\/2724\/revisions"}],"wp:featuredmedia":[{"embeddable":true,"href":"https:\/\/makomasci.com\/en\/wp-json\/wp\/v2\/media\/2725"}],"wp:attachment":[{"href":"https:\/\/makomasci.com\/en\/wp-json\/wp\/v2\/media?parent=2724"}],"wp:term":[{"taxonomy":"product_brand","embeddable":true,"href":"https:\/\/makomasci.com\/en\/wp-json\/wp\/v2\/product_brand?post=2724"},{"taxonomy":"product_cat","embeddable":true,"href":"https:\/\/makomasci.com\/en\/wp-json\/wp\/v2\/product_cat?post=2724"},{"taxonomy":"product_tag","embeddable":true,"href":"https:\/\/makomasci.com\/en\/wp-json\/wp\/v2\/product_tag?post=2724"}],"curies":[{"name":"wp","href":"https:\/\/api.w.org\/{rel}","templated":true}]}}