{"id":2705,"date":"2025-09-23T17:39:20","date_gmt":"2025-09-23T17:39:20","guid":{"rendered":"https:\/\/makomasci.com\/?post_type=product&#038;p=2705"},"modified":"2025-11-07T12:57:51","modified_gmt":"2025-11-07T12:57:51","slug":"farine-de-mil","status":"publish","type":"product","link":"https:\/\/makomasci.com\/en\/product\/farine-de-mil\/","title":{"rendered":"Farine De Mil"},"content":{"rendered":"<p><span style=\"font-weight: 400;\">La farine de mil, c\u2019est la base de l\u2019alimentation saine chez nous. 100 % naturelle et sans gluten, elle apporte de l\u2019\u00e9nergie durable, renforce les os et les muscles gr\u00e2ce au calcium et au magn\u00e9sium, et fournit du fer pour pr\u00e9venir l\u2019an\u00e9mie. Avec ses prot\u00e9ines, ses fibres et ses vitamines B, elle facilite la digestion, rassasie et nourrit toute la famille.<\/span><\/p>\n<p><span style=\"font-weight: 400;\">Cette farine polyvalente est parfaite pour pr\u00e9parer des bouillies pour enfants et adultes, servir de base pour le t\u00f4 ou le couscous, ou \u00eatre incorpor\u00e9e dans des pains, g\u00e2teaux et beignets. Elle est aussi id\u00e9ale pour le d\u00eagu\u00ea, ce dessert traditionnel ivoirien \u00e0 base de yaourt et de mil, et pour la fabrication du tchapalo, boisson ferment\u00e9e typique de chez nous. Pour varier les saveurs et les apports, elle peut \u00eatre m\u00e9lang\u00e9e avec d\u2019autres c\u00e9r\u00e9ales.<\/span><\/p>\n<p><span style=\"font-weight: 400;\">Conseils d\u2019utilisation\u00a0:<\/span><\/p>\n<p><span style=\"font-weight: 400;\">\u2022 Pr\u00e9parer en bouillie pour enfants et adultes<\/span><span style=\"font-weight: 400;\"><br \/>\n<\/span><span style=\"font-weight: 400;\">\u2022 Utiliser comme base de couscous ou de t\u00f4<\/span><span style=\"font-weight: 400;\"><br \/>\n<\/span><span style=\"font-weight: 400;\">\u2022 Ajouter dans les pains, g\u00e2teaux et beignets<\/span><span style=\"font-weight: 400;\"><br \/>\n<\/span><span style=\"font-weight: 400;\">\u2022 Pr\u00e9parer du d\u00eagu\u00ea pour un dessert traditionnel<\/span><span style=\"font-weight: 400;\"><br \/>\n<\/span><span style=\"font-weight: 400;\">\u2022 M\u00e9langer avec d\u2019autres c\u00e9r\u00e9ales pour diversifier l\u2019alimentation<\/span><span style=\"font-weight: 400;\"><br \/>\n<\/span><span style=\"font-weight: 400;\"><br \/>\n<\/span><span style=\"font-weight: 400;\">Conserver au sec, \u00e0 l\u2019abri de l\u2019humidit\u00e9.<\/span><\/p>","protected":false},"excerpt":{"rendered":"<p>La farine de mil, c\u2019est la base de l\u2019alimentation saine chez nous. 100 % naturelle et sans gluten, elle apporte<\/p>","protected":false},"featured_media":2706,"comment_status":"open","ping_status":"closed","template":"","meta":[],"product_brand":[],"product_cat":[130],"product_tag":[],"class_list":{"0":"post-2705","1":"product","2":"type-product","3":"status-publish","4":"has-post-thumbnail","6":"product_cat-mil","7":"pa_taille-1kg","9":"first","10":"instock","11":"shipping-taxable","12":"purchasable","13":"product-type-variable"},"_links":{"self":[{"href":"https:\/\/makomasci.com\/en\/wp-json\/wp\/v2\/product\/2705","targetHints":{"allow":["GET"]}}],"collection":[{"href":"https:\/\/makomasci.com\/en\/wp-json\/wp\/v2\/product"}],"about":[{"href":"https:\/\/makomasci.com\/en\/wp-json\/wp\/v2\/types\/product"}],"replies":[{"embeddable":true,"href":"https:\/\/makomasci.com\/en\/wp-json\/wp\/v2\/comments?post=2705"}],"version-history":[{"count":0,"href":"https:\/\/makomasci.com\/en\/wp-json\/wp\/v2\/product\/2705\/revisions"}],"wp:featuredmedia":[{"embeddable":true,"href":"https:\/\/makomasci.com\/en\/wp-json\/wp\/v2\/media\/2706"}],"wp:attachment":[{"href":"https:\/\/makomasci.com\/en\/wp-json\/wp\/v2\/media?parent=2705"}],"wp:term":[{"taxonomy":"product_brand","embeddable":true,"href":"https:\/\/makomasci.com\/en\/wp-json\/wp\/v2\/product_brand?post=2705"},{"taxonomy":"product_cat","embeddable":true,"href":"https:\/\/makomasci.com\/en\/wp-json\/wp\/v2\/product_cat?post=2705"},{"taxonomy":"product_tag","embeddable":true,"href":"https:\/\/makomasci.com\/en\/wp-json\/wp\/v2\/product_tag?post=2705"}],"curies":[{"name":"wp","href":"https:\/\/api.w.org\/{rel}","templated":true}]}}