{"id":2701,"date":"2025-09-23T17:30:54","date_gmt":"2025-09-23T17:30:54","guid":{"rendered":"https:\/\/makomasci.com\/?post_type=product&#038;p=2701"},"modified":"2025-11-07T15:37:53","modified_gmt":"2025-11-07T15:37:53","slug":"mil-en-grain","status":"publish","type":"product","link":"https:\/\/makomasci.com\/en\/product\/mil-en-grain\/","title":{"rendered":"Mil En Grain"},"content":{"rendered":"<p><span style=\"font-weight: 400;\">Le mil, c\u2019est la base de l\u2019alimentation saine chez nous. 100 % naturelle et sans gluten, il apporte de l\u2019\u00e9nergie durable, renforce les os et les muscles gr\u00e2ce au calcium et au magn\u00e9sium, et fournit du fer pour pr\u00e9venir l\u2019an\u00e9mie. Avec ses prot\u00e9ines, ses fibres et ses vitamines B, il facilite la digestion, rassasie et nourrit toute la famille.<\/span><\/p>\n<p><span style=\"font-weight: 400;\">Polyvalente, il est parfait pour pr\u00e9parer des bouillies pour enfants et adultes, servir de base pour le t\u00f4 ou le couscous, ou \u00eatre incorpor\u00e9e dans des pains, g\u00e2teaux et beignets. Il\u00a0 est aussi id\u00e9al pour le d\u00eagu\u00ea, ce dessert traditionnel ivoirien \u00e0 base de yaourt et de mil, et pour la fabrication du tchapalo, boisson ferment\u00e9e typique de chez nous. Pour varier les saveurs et les apports, il peut \u00eatre m\u00e9lang\u00e9 avec d\u2019autres c\u00e9r\u00e9ales.<\/span><\/p>","protected":false},"excerpt":{"rendered":"<p>Le mil, c\u2019est la base de l\u2019alimentation saine chez nous. 100 % naturelle et sans gluten, il apporte de l\u2019\u00e9nergie<\/p>","protected":false},"featured_media":2702,"comment_status":"open","ping_status":"closed","template":"","meta":[],"product_brand":[],"product_cat":[130],"product_tag":[],"class_list":{"0":"post-2701","1":"product","2":"type-product","3":"status-publish","4":"has-post-thumbnail","6":"product_cat-mil","7":"pa_taille-1kg","9":"first","10":"instock","11":"shipping-taxable","12":"purchasable","13":"product-type-variable"},"_links":{"self":[{"href":"https:\/\/makomasci.com\/en\/wp-json\/wp\/v2\/product\/2701","targetHints":{"allow":["GET"]}}],"collection":[{"href":"https:\/\/makomasci.com\/en\/wp-json\/wp\/v2\/product"}],"about":[{"href":"https:\/\/makomasci.com\/en\/wp-json\/wp\/v2\/types\/product"}],"replies":[{"embeddable":true,"href":"https:\/\/makomasci.com\/en\/wp-json\/wp\/v2\/comments?post=2701"}],"version-history":[{"count":0,"href":"https:\/\/makomasci.com\/en\/wp-json\/wp\/v2\/product\/2701\/revisions"}],"wp:featuredmedia":[{"embeddable":true,"href":"https:\/\/makomasci.com\/en\/wp-json\/wp\/v2\/media\/2702"}],"wp:attachment":[{"href":"https:\/\/makomasci.com\/en\/wp-json\/wp\/v2\/media?parent=2701"}],"wp:term":[{"taxonomy":"product_brand","embeddable":true,"href":"https:\/\/makomasci.com\/en\/wp-json\/wp\/v2\/product_brand?post=2701"},{"taxonomy":"product_cat","embeddable":true,"href":"https:\/\/makomasci.com\/en\/wp-json\/wp\/v2\/product_cat?post=2701"},{"taxonomy":"product_tag","embeddable":true,"href":"https:\/\/makomasci.com\/en\/wp-json\/wp\/v2\/product_tag?post=2701"}],"curies":[{"name":"wp","href":"https:\/\/api.w.org\/{rel}","templated":true}]}}