{"id":2697,"date":"2025-09-23T17:24:51","date_gmt":"2025-09-23T17:24:51","guid":{"rendered":"https:\/\/makomasci.com\/?post_type=product&#038;p=2697"},"modified":"2025-11-07T15:36:00","modified_gmt":"2025-11-07T15:36:00","slug":"farine-de-tchongon","status":"publish","type":"product","link":"https:\/\/makomasci.com\/en\/product\/farine-de-tchongon\/","title":{"rendered":"Farine De Tchongon"},"content":{"rendered":"<p>La farine de souchet, ou tchongon comme on dit chez nous, c\u2019est la douceur naturelle made in C\u00f4te d\u2019Ivoire<br \/>\nIssue de ces petites noix sucr\u00e9es qu\u2019on grignote depuis l\u2019enfance, elle s\u00e9duit par son go\u00fbt l\u00e9g\u00e8rement sucr\u00e9 et sa texture fine.<\/p>\n<p>En boisson, en bouillie, ou m\u00eame dans les p\u00e2tisseries locales, le tchongon donne toujours cette touche de douceur et d\u2019\u00e9nergie qui r\u00e9veille bien.<br \/>\nRiche en fibres, en fer et en bons nutriments, c\u2019est le genre d\u2019ingr\u00e9dient qui te fait du bien sans tricher.<\/p>\n<p>Chez Makomas, la farine de souchet, c\u2019est le go\u00fbt du naturel, du simple et du vrai\u00a0; celle qui te ram\u00e8ne aux saveurs d\u2019antan tout en nourrissant ton corps comme il faut.<\/p>","protected":false},"excerpt":{"rendered":"<p>La farine de souchet, ou tchongon comme on dit chez nous, c\u2019est la douceur naturelle made in C\u00f4te d\u2019Ivoire Issue<\/p>","protected":false},"featured_media":2698,"comment_status":"open","ping_status":"closed","template":"","meta":[],"product_brand":[],"product_cat":[128],"product_tag":[],"class_list":{"0":"post-2697","1":"product","2":"type-product","3":"status-publish","4":"has-post-thumbnail","6":"product_cat-cereales-et-legumineuses","7":"pa_taille-1kg","9":"first","10":"instock","11":"shipping-taxable","12":"purchasable","13":"product-type-variable"},"_links":{"self":[{"href":"https:\/\/makomasci.com\/en\/wp-json\/wp\/v2\/product\/2697","targetHints":{"allow":["GET"]}}],"collection":[{"href":"https:\/\/makomasci.com\/en\/wp-json\/wp\/v2\/product"}],"about":[{"href":"https:\/\/makomasci.com\/en\/wp-json\/wp\/v2\/types\/product"}],"replies":[{"embeddable":true,"href":"https:\/\/makomasci.com\/en\/wp-json\/wp\/v2\/comments?post=2697"}],"version-history":[{"count":0,"href":"https:\/\/makomasci.com\/en\/wp-json\/wp\/v2\/product\/2697\/revisions"}],"wp:featuredmedia":[{"embeddable":true,"href":"https:\/\/makomasci.com\/en\/wp-json\/wp\/v2\/media\/2698"}],"wp:attachment":[{"href":"https:\/\/makomasci.com\/en\/wp-json\/wp\/v2\/media?parent=2697"}],"wp:term":[{"taxonomy":"product_brand","embeddable":true,"href":"https:\/\/makomasci.com\/en\/wp-json\/wp\/v2\/product_brand?post=2697"},{"taxonomy":"product_cat","embeddable":true,"href":"https:\/\/makomasci.com\/en\/wp-json\/wp\/v2\/product_cat?post=2697"},{"taxonomy":"product_tag","embeddable":true,"href":"https:\/\/makomasci.com\/en\/wp-json\/wp\/v2\/product_tag?post=2697"}],"curies":[{"name":"wp","href":"https:\/\/api.w.org\/{rel}","templated":true}]}}