{"id":2676,"date":"2025-09-23T16:57:53","date_gmt":"2025-09-23T16:57:53","guid":{"rendered":"https:\/\/makomasci.com\/?post_type=product&#038;p=2676"},"modified":"2025-10-23T15:45:46","modified_gmt":"2025-10-23T15:45:46","slug":"arachides-grillees","status":"publish","type":"product","link":"https:\/\/makomasci.com\/en\/product\/arachides-grillees\/","title":{"rendered":"Arachides Grill\u00e9es"},"content":{"rendered":"<p><span style=\"font-weight: 400;\">Nos arachides grill\u00e9es vont forc\u00e9ment te mettre d\u2019accord. Que ce soit pour grignoter en discutant au coin de la rue, pour caler un petit creux entre deux repas ou pour animer les <\/span><i><span style=\"font-weight: 400;\">gb\u00ear\u00ea<\/span><\/i><span style=\"font-weight: 400;\"> du quartier, elles ont toujours la cote. Les arachides Makomas viennent de champs locaux, cultiv\u00e9es \u00e0 la main, sans engrais ni produits chimiques, pour que tu retrouves un go\u00fbt pur et authentique.<\/span><\/p>\n<p><span style=\"font-weight: 400;\">Chaque arachide est soigneusement tri\u00e9e et grill\u00e9e lentement pour lib\u00e9rer tout son parfum et son croquant naturel, tout en conservant ses bons nutriments. Riche en prot\u00e9ines et \u00e9nergie, elle te donne un petit coup de boost quand tu en as besoin.<\/span><\/p>\n<p><span style=\"font-weight: 400;\">Tu les croques telles quelles, \u00e0 tout moment de la journ\u00e9e, pour un plaisir sain et naturel. Et en plus, derri\u00e8re ce petit snack, Makomas garde un \u0153il sur la plan\u00e8te : juste une petite touche d\u2019attention pour respecter un peu la nature qui nous nourrit.<\/span><\/p>\n<p><span style=\"font-weight: 400;\">Avec les arachides grill\u00e9es Makomas, chaque poign\u00e9e est un vrai plaisir : croquant, savoureux et g\u00e9n\u00e9reux, comme un petit moment de bonheur gustatif.<\/span><\/p>","protected":false},"excerpt":{"rendered":"<p>Nos arachides grill\u00e9es vont forc\u00e9ment te mettre d\u2019accord. Que ce soit pour grignoter en discutant au coin de la rue,<\/p>","protected":false},"featured_media":2681,"comment_status":"open","ping_status":"closed","template":"","meta":[],"product_brand":[],"product_cat":[129],"product_tag":[],"class_list":{"0":"post-2676","1":"product","2":"type-product","3":"status-publish","4":"has-post-thumbnail","6":"product_cat-gourmandises-petits-dejeuners-gouters","7":"pa_taille-100g","8":"pa_taille-250g","9":"pa_taille-500g","11":"first","12":"instock","13":"shipping-taxable","14":"purchasable","15":"product-type-variable"},"_links":{"self":[{"href":"https:\/\/makomasci.com\/en\/wp-json\/wp\/v2\/product\/2676","targetHints":{"allow":["GET"]}}],"collection":[{"href":"https:\/\/makomasci.com\/en\/wp-json\/wp\/v2\/product"}],"about":[{"href":"https:\/\/makomasci.com\/en\/wp-json\/wp\/v2\/types\/product"}],"replies":[{"embeddable":true,"href":"https:\/\/makomasci.com\/en\/wp-json\/wp\/v2\/comments?post=2676"}],"version-history":[{"count":0,"href":"https:\/\/makomasci.com\/en\/wp-json\/wp\/v2\/product\/2676\/revisions"}],"wp:featuredmedia":[{"embeddable":true,"href":"https:\/\/makomasci.com\/en\/wp-json\/wp\/v2\/media\/2681"}],"wp:attachment":[{"href":"https:\/\/makomasci.com\/en\/wp-json\/wp\/v2\/media?parent=2676"}],"wp:term":[{"taxonomy":"product_brand","embeddable":true,"href":"https:\/\/makomasci.com\/en\/wp-json\/wp\/v2\/product_brand?post=2676"},{"taxonomy":"product_cat","embeddable":true,"href":"https:\/\/makomasci.com\/en\/wp-json\/wp\/v2\/product_cat?post=2676"},{"taxonomy":"product_tag","embeddable":true,"href":"https:\/\/makomasci.com\/en\/wp-json\/wp\/v2\/product_tag?post=2676"}],"curies":[{"name":"wp","href":"https:\/\/api.w.org\/{rel}","templated":true}]}}