{"id":2075,"date":"2025-09-17T17:33:07","date_gmt":"2025-09-17T17:33:07","guid":{"rendered":"https:\/\/makomasci.com\/?post_type=product&#038;p=2075"},"modified":"2026-02-27T18:56:25","modified_gmt":"2026-02-27T18:56:25","slug":"kokounde-farine-de-manioc","status":"publish","type":"product","link":"https:\/\/makomasci.com\/en\/product\/kokounde-farine-de-manioc\/","title":{"rendered":"Kokound\u00e9 (Farine De Manioc)"},"content":{"rendered":"<p><span style=\"font-weight: 400;\">Si tu veux connaitre\u00a0 le vrai go\u00fbt, faut passer par le kokound\u00e9 ! Cette farine de manioc s\u00e9ch\u00e9e est le secret des Baoul\u00e9s pour un kokound\u00e9 bien ferme, moelleux et qui se tient comme il faut. Avec elle, tes sauces, poissons ou viandes mijot\u00e9es vont enfin avoir le partenaire id\u00e9al.<\/span><\/p>\n<p><span style=\"font-weight: 400;\">Naturelle, facile \u00e0 dig\u00e9rer et pleine d\u2019\u00e9nergie, cette farine te donne la force de danser au rythme des f\u00eates baoul\u00e9\u2026 ou juste de survivre \u00e0 une journ\u00e9e bien charg\u00e9e. Les rires garantis.<\/span><\/p>\n<p><span style=\"font-weight: 400;\">100 % naturel, sans additifs ni conservateurs. Conserver au sec, \u00e0 l\u2019abri de l\u2019humidit\u00e9.<\/span><\/p>","protected":false},"excerpt":{"rendered":"<p>Si tu veux connaitre\u00a0 le vrai go\u00fbt, faut passer par le kokound\u00e9 ! Cette farine de manioc s\u00e9ch\u00e9e est le<\/p>","protected":false},"featured_media":9595,"comment_status":"open","ping_status":"closed","template":"","meta":[],"product_brand":[],"product_cat":[100],"product_tag":[],"class_list":{"0":"post-2075","1":"product","2":"type-product","3":"status-publish","4":"has-post-thumbnail","6":"product_cat-produits-vivriers","7":"pa_taille-1kg","9":"first","10":"instock","11":"shipping-taxable","12":"purchasable","13":"product-type-variable"},"_links":{"self":[{"href":"https:\/\/makomasci.com\/en\/wp-json\/wp\/v2\/product\/2075","targetHints":{"allow":["GET"]}}],"collection":[{"href":"https:\/\/makomasci.com\/en\/wp-json\/wp\/v2\/product"}],"about":[{"href":"https:\/\/makomasci.com\/en\/wp-json\/wp\/v2\/types\/product"}],"replies":[{"embeddable":true,"href":"https:\/\/makomasci.com\/en\/wp-json\/wp\/v2\/comments?post=2075"}],"version-history":[{"count":2,"href":"https:\/\/makomasci.com\/en\/wp-json\/wp\/v2\/product\/2075\/revisions"}],"predecessor-version":[{"id":9610,"href":"https:\/\/makomasci.com\/en\/wp-json\/wp\/v2\/product\/2075\/revisions\/9610"}],"wp:featuredmedia":[{"embeddable":true,"href":"https:\/\/makomasci.com\/en\/wp-json\/wp\/v2\/media\/9595"}],"wp:attachment":[{"href":"https:\/\/makomasci.com\/en\/wp-json\/wp\/v2\/media?parent=2075"}],"wp:term":[{"taxonomy":"product_brand","embeddable":true,"href":"https:\/\/makomasci.com\/en\/wp-json\/wp\/v2\/product_brand?post=2075"},{"taxonomy":"product_cat","embeddable":true,"href":"https:\/\/makomasci.com\/en\/wp-json\/wp\/v2\/product_cat?post=2075"},{"taxonomy":"product_tag","embeddable":true,"href":"https:\/\/makomasci.com\/en\/wp-json\/wp\/v2\/product_tag?post=2075"}],"curies":[{"name":"wp","href":"https:\/\/api.w.org\/{rel}","templated":true}]}}