{"id":2071,"date":"2025-09-17T17:15:22","date_gmt":"2025-09-17T17:15:22","guid":{"rendered":"https:\/\/makomasci.com\/?post_type=product&#038;p=2071"},"modified":"2025-10-20T19:24:27","modified_gmt":"2025-10-20T19:24:27","slug":"pommes-de-terre","status":"publish","type":"product","link":"https:\/\/makomasci.com\/en\/product\/pommes-de-terre\/","title":{"rendered":"Pommes De Terre"},"content":{"rendered":"<p><span style=\"font-weight: 400;\">Rien de tel qu\u2019une bonne pomme de terre pour r\u00e9galer toute la famille. Qu\u2019elle soit frite bien dor\u00e9e, fondante en pur\u00e9e, r\u00f4tie avec des \u00e9pices, ou mijot\u00e9e dans un rago\u00fbt savoureux, elle sait toujours se faire aimer. Sa texture douce et son go\u00fbt r\u00e9confortant se marient avec presque tout : viandes, poissons, l\u00e9gumes ou sauces locales.<\/span><\/p>\n<p><span style=\"font-weight: 400;\">Elle apporte de l\u2019\u00e9nergie, des fibres pour la digestion, et des vitamines pour rester en forme. En C\u00f4te d\u2019Ivoire comme ailleurs, elle reste un incontournable de la cuisine, simple, polyvalente et toujours d\u00e9licieuse. Chaque bouch\u00e9e, c\u2019est un petit plaisir qui rassasie et fait sourire.<\/span><\/p>","protected":false},"excerpt":{"rendered":"<p>Rien de tel qu\u2019une bonne pomme de terre pour r\u00e9galer toute la famille. Qu\u2019elle soit frite bien dor\u00e9e, fondante en<\/p>","protected":false},"featured_media":2068,"comment_status":"open","ping_status":"closed","template":"","meta":[],"product_brand":[],"product_cat":[100],"product_tag":[],"class_list":{"0":"post-2071","1":"product","2":"type-product","3":"status-publish","4":"has-post-thumbnail","6":"product_cat-produits-vivriers","7":"pa_taille-1kg","9":"first","10":"instock","11":"shipping-taxable","12":"purchasable","13":"product-type-variable"},"_links":{"self":[{"href":"https:\/\/makomasci.com\/en\/wp-json\/wp\/v2\/product\/2071","targetHints":{"allow":["GET"]}}],"collection":[{"href":"https:\/\/makomasci.com\/en\/wp-json\/wp\/v2\/product"}],"about":[{"href":"https:\/\/makomasci.com\/en\/wp-json\/wp\/v2\/types\/product"}],"replies":[{"embeddable":true,"href":"https:\/\/makomasci.com\/en\/wp-json\/wp\/v2\/comments?post=2071"}],"version-history":[{"count":0,"href":"https:\/\/makomasci.com\/en\/wp-json\/wp\/v2\/product\/2071\/revisions"}],"wp:featuredmedia":[{"embeddable":true,"href":"https:\/\/makomasci.com\/en\/wp-json\/wp\/v2\/media\/2068"}],"wp:attachment":[{"href":"https:\/\/makomasci.com\/en\/wp-json\/wp\/v2\/media?parent=2071"}],"wp:term":[{"taxonomy":"product_brand","embeddable":true,"href":"https:\/\/makomasci.com\/en\/wp-json\/wp\/v2\/product_brand?post=2071"},{"taxonomy":"product_cat","embeddable":true,"href":"https:\/\/makomasci.com\/en\/wp-json\/wp\/v2\/product_cat?post=2071"},{"taxonomy":"product_tag","embeddable":true,"href":"https:\/\/makomasci.com\/en\/wp-json\/wp\/v2\/product_tag?post=2071"}],"curies":[{"name":"wp","href":"https:\/\/api.w.org\/{rel}","templated":true}]}}