{"id":2060,"date":"2025-09-17T16:49:39","date_gmt":"2025-09-17T16:49:39","guid":{"rendered":"https:\/\/makomasci.com\/?post_type=product&#038;p=2060"},"modified":"2025-10-23T17:11:04","modified_gmt":"2025-10-23T17:11:04","slug":"manioc-frais","status":"publish","type":"product","link":"https:\/\/makomasci.com\/en\/product\/manioc-frais\/","title":{"rendered":"Manioc Frais"},"content":{"rendered":"<p><span style=\"font-weight: 400;\">En C\u00f4te d\u2019Ivoire, tu peux pas parler de bonne bouffe sans citer le manioc. C\u2019est lui qui donne l\u2019atti\u00e9k\u00e9 du garba national, qui accompagne le poisson brais\u00e9 au bord de la route. C\u2019est encore lui qu\u2019on m\u00e9lange avec la banane pour faire le foutou banane bien onctueux et qui se transforme en gari.<\/span><\/p>\n<p><span style=\"font-weight: 400;\">Le manioc, c\u2019est un aliment cam\u00e9l\u00e9on : en placali, en tapioca, en foutou, en gari, en atti\u00e9k\u00e9\u2026 il se glisse partout et rend chaque plat unique. Doux, nourrissant et plein d\u2019\u00e9nergie, il porte la cuisine ivoirienne depuis des g\u00e9n\u00e9rations.<\/span><\/p>\n<p><span style=\"font-weight: 400;\">Sans manioc, que serait l\u2019ivoirien\u00a0?! <\/span><\/p>","protected":false},"excerpt":{"rendered":"<p>En C\u00f4te d\u2019Ivoire, tu peux pas parler de bonne bouffe sans citer le manioc. C\u2019est lui qui donne l\u2019atti\u00e9k\u00e9 du<\/p>","protected":false},"featured_media":2065,"comment_status":"open","ping_status":"closed","template":"","meta":[],"product_brand":[],"product_cat":[100],"product_tag":[],"class_list":{"0":"post-2060","1":"product","2":"type-product","3":"status-publish","4":"has-post-thumbnail","6":"product_cat-produits-vivriers","7":"pa_taille-1-pcs","9":"first","10":"instock","11":"shipping-taxable","12":"purchasable","13":"product-type-variable"},"_links":{"self":[{"href":"https:\/\/makomasci.com\/en\/wp-json\/wp\/v2\/product\/2060","targetHints":{"allow":["GET"]}}],"collection":[{"href":"https:\/\/makomasci.com\/en\/wp-json\/wp\/v2\/product"}],"about":[{"href":"https:\/\/makomasci.com\/en\/wp-json\/wp\/v2\/types\/product"}],"replies":[{"embeddable":true,"href":"https:\/\/makomasci.com\/en\/wp-json\/wp\/v2\/comments?post=2060"}],"version-history":[{"count":0,"href":"https:\/\/makomasci.com\/en\/wp-json\/wp\/v2\/product\/2060\/revisions"}],"wp:featuredmedia":[{"embeddable":true,"href":"https:\/\/makomasci.com\/en\/wp-json\/wp\/v2\/media\/2065"}],"wp:attachment":[{"href":"https:\/\/makomasci.com\/en\/wp-json\/wp\/v2\/media?parent=2060"}],"wp:term":[{"taxonomy":"product_brand","embeddable":true,"href":"https:\/\/makomasci.com\/en\/wp-json\/wp\/v2\/product_brand?post=2060"},{"taxonomy":"product_cat","embeddable":true,"href":"https:\/\/makomasci.com\/en\/wp-json\/wp\/v2\/product_cat?post=2060"},{"taxonomy":"product_tag","embeddable":true,"href":"https:\/\/makomasci.com\/en\/wp-json\/wp\/v2\/product_tag?post=2060"}],"curies":[{"name":"wp","href":"https:\/\/api.w.org\/{rel}","templated":true}]}}