{"id":2021,"date":"2025-09-17T12:09:31","date_gmt":"2025-09-17T12:09:31","guid":{"rendered":"https:\/\/makomasci.com\/?post_type=product&#038;p=2021"},"modified":"2025-11-27T16:02:49","modified_gmt":"2025-11-27T16:02:49","slug":"citronnelle-2","status":"publish","type":"product","link":"https:\/\/makomasci.com\/en\/product\/citronnelle-2\/","title":{"rendered":"Citronnelle"},"content":{"rendered":"<p>Ne sous-estime jamais la magie de la simplicit\u00e9. La citronnelle toute seule, c\u2019est comme un ami fid\u00e8le : toujours l\u00e0 pour te rassurer. En tisane, elle t\u2019offre plus qu\u2019un go\u00fbt : elle t\u2019emm\u00e8ne directement dans un moment de paix, comme ces soir\u00e9es tranquilles sous la v\u00e9randa, moustiquaire baiss\u00e9e, loin du tumulte. Elle aide \u00e0 calmer les nerfs, facilite un sommeil r\u00e9parateur et laisse dans ta bouche un parfum doux et frais qui rappelle la nature.<\/p>\n<p>Boire une tisane de citronnelle, c\u2019est un peu comme offrir \u00e0 ton corps un c\u00e2lin chaud : \u00e7a d\u00e9tend, \u00e7a purifie et \u00e7a remet les id\u00e9es au clair. Et c\u00f4t\u00e9 nutrition ? Elle regorge de vitamines, notamment de la vitamine C, d\u2019antioxydants et d\u2019huiles essentielles qui aident \u00e0 renforcer le syst\u00e8me immunitaire, faciliter la digestion et apaiser les tensions. Bref, c\u2019est un petit geste sant\u00e9 qui se savoure comme un grand plaisir.<\/p>","protected":false},"excerpt":{"rendered":"<p>Discover the pure, refreshing taste of Makomas Lemongrass Tea, a simple yet invigorating herbal infusion crafted to soothe your senses and revitalize your spirit. Known for its bright, citrusy aroma and naturally calming properties, lemongrass offers a clean, refreshing flavor that makes each sip a delightful escape.<\/p>\n<p>&nbsp;<\/p>","protected":false},"featured_media":1806,"comment_status":"open","ping_status":"closed","template":"","meta":[],"product_brand":[],"product_cat":[155,20],"product_tag":[],"class_list":{"0":"post-2021","1":"product","2":"type-product","3":"status-publish","4":"has-post-thumbnail","6":"product_cat-blend-teas","7":"product_cat-marque-makomas","8":"pa_taille-paquet-de-15-pcs","9":"pa_taille-paquet-de-33-pcs","11":"first","12":"instock","13":"shipping-taxable","14":"purchasable","15":"product-type-variable"},"_links":{"self":[{"href":"https:\/\/makomasci.com\/en\/wp-json\/wp\/v2\/product\/2021","targetHints":{"allow":["GET"]}}],"collection":[{"href":"https:\/\/makomasci.com\/en\/wp-json\/wp\/v2\/product"}],"about":[{"href":"https:\/\/makomasci.com\/en\/wp-json\/wp\/v2\/types\/product"}],"replies":[{"embeddable":true,"href":"https:\/\/makomasci.com\/en\/wp-json\/wp\/v2\/comments?post=2021"}],"version-history":[{"count":0,"href":"https:\/\/makomasci.com\/en\/wp-json\/wp\/v2\/product\/2021\/revisions"}],"wp:featuredmedia":[{"embeddable":true,"href":"https:\/\/makomasci.com\/en\/wp-json\/wp\/v2\/media\/1806"}],"wp:attachment":[{"href":"https:\/\/makomasci.com\/en\/wp-json\/wp\/v2\/media?parent=2021"}],"wp:term":[{"taxonomy":"product_brand","embeddable":true,"href":"https:\/\/makomasci.com\/en\/wp-json\/wp\/v2\/product_brand?post=2021"},{"taxonomy":"product_cat","embeddable":true,"href":"https:\/\/makomasci.com\/en\/wp-json\/wp\/v2\/product_cat?post=2021"},{"taxonomy":"product_tag","embeddable":true,"href":"https:\/\/makomasci.com\/en\/wp-json\/wp\/v2\/product_tag?post=2021"}],"curies":[{"name":"wp","href":"https:\/\/api.w.org\/{rel}","templated":true}]}}