{"id":2006,"date":"2025-09-17T12:09:30","date_gmt":"2025-09-17T12:09:30","guid":{"rendered":"https:\/\/makomasci.com\/?post_type=product&#038;p=2006"},"modified":"2025-11-27T16:05:33","modified_gmt":"2025-11-27T16:05:33","slug":"citronnelle-gingembre","status":"publish","type":"product","link":"https:\/\/makomasci.com\/en\/product\/citronnelle-gingembre\/","title":{"rendered":"Citronnelle &#038; Gingembre"},"content":{"rendered":"<p>Voil\u00e0 un mariage chaud-froid qui tu vas forc\u00e9ment kiffer. La citronnelle, c\u2019est la douceur qui t\u2019apaise, qui d\u00e9tend tes nerfs fatigu\u00e9s et parfume ta tasse comme une brise fra\u00eeche au petit matin. Elle veut que tu sois zen, relax, pr\u00eat \u00e0 souffler un bon coup. Mais le gingembre, lui, c\u2019est le boute-en-train de l\u2019\u00e9quipe : il d\u00e9barque sans pr\u00e9venir, met du feu dans la gorge, r\u00e9veille le sang et te crie \u201cdebout ici!\u201d.<\/p>\n<p>R\u00e9sultat ? Une infusion qui joue sur deux tableaux : \u00e7a stimule et \u00e7a relaxe en m\u00eame temps. Tu bois, et tu sens ton corps partag\u00e9 entre \u201cahh\u201d de d\u00e9tente et \u201cwouuh\u201d d\u2019\u00e9nergie. C\u2019est exactement comme une causerie au maquis : \u00e7a rigole, \u00e7a chauffe, \u00e7a pique, mais \u00e0 la fin tu repars content, l\u00e9ger et bien dans ta peau.<\/p>\n<p>Et niveau vertus, laisse tomber, ce n\u2019est pas que du spectacle : la citronnelle apporte de la vitamine C et des antioxydants qui boostent les d\u00e9fenses, pendant que le gingembre balance ses compos\u00e9s tonifiants, bons pour la circulation, la digestion et m\u00eame le moral. Bref, une tisane qui joue franc-jeu : douceur d\u2019un c\u00f4t\u00e9, \u00e9nergie de l\u2019autre.<\/p>","protected":false},"excerpt":{"rendered":"<p>Treat yourself with our Makomas Lemongrass &amp; Ginger Tea, a bright, uplifting blend that brings together the invigorating citrus notes of lemongrass and the warming spice of ginger. Each tea bag is thoughtfully crafted to deliver a perfectly balanced infusion, offering a soothing yet energizing experience with every sip.<\/p>\n<p>&nbsp;<\/p>","protected":false},"featured_media":1786,"comment_status":"open","ping_status":"closed","template":"","meta":[],"product_brand":[],"product_cat":[155,20],"product_tag":[],"class_list":{"0":"post-2006","1":"product","2":"type-product","3":"status-publish","4":"has-post-thumbnail","6":"product_cat-blend-teas","7":"product_cat-marque-makomas","8":"pa_taille-paquet-de-15-pcs","9":"pa_taille-paquet-de-33-pcs","11":"first","12":"instock","13":"shipping-taxable","14":"purchasable","15":"product-type-variable"},"_links":{"self":[{"href":"https:\/\/makomasci.com\/en\/wp-json\/wp\/v2\/product\/2006","targetHints":{"allow":["GET"]}}],"collection":[{"href":"https:\/\/makomasci.com\/en\/wp-json\/wp\/v2\/product"}],"about":[{"href":"https:\/\/makomasci.com\/en\/wp-json\/wp\/v2\/types\/product"}],"replies":[{"embeddable":true,"href":"https:\/\/makomasci.com\/en\/wp-json\/wp\/v2\/comments?post=2006"}],"version-history":[{"count":0,"href":"https:\/\/makomasci.com\/en\/wp-json\/wp\/v2\/product\/2006\/revisions"}],"wp:featuredmedia":[{"embeddable":true,"href":"https:\/\/makomasci.com\/en\/wp-json\/wp\/v2\/media\/1786"}],"wp:attachment":[{"href":"https:\/\/makomasci.com\/en\/wp-json\/wp\/v2\/media?parent=2006"}],"wp:term":[{"taxonomy":"product_brand","embeddable":true,"href":"https:\/\/makomasci.com\/en\/wp-json\/wp\/v2\/product_brand?post=2006"},{"taxonomy":"product_cat","embeddable":true,"href":"https:\/\/makomasci.com\/en\/wp-json\/wp\/v2\/product_cat?post=2006"},{"taxonomy":"product_tag","embeddable":true,"href":"https:\/\/makomasci.com\/en\/wp-json\/wp\/v2\/product_tag?post=2006"}],"curies":[{"name":"wp","href":"https:\/\/api.w.org\/{rel}","templated":true}]}}