{"id":1903,"date":"2025-09-17T12:09:22","date_gmt":"2025-09-17T12:09:22","guid":{"rendered":"https:\/\/makomasci.com\/?post_type=product&#038;p=1903"},"modified":"2025-11-27T16:27:23","modified_gmt":"2025-11-27T16:27:23","slug":"feuilles-de-sene-sechees-tisane","status":"publish","type":"product","link":"https:\/\/makomasci.com\/en\/product\/feuilles-de-sene-sechees-tisane\/","title":{"rendered":"Feuilles De Sene Sechees (Tisane)"},"content":{"rendered":"<p>Ici, on parle d\u2019un vrai secret de grand-m\u00e8re africaine. Le s\u00e9n\u00e9, c\u2019est pas juste une plante, c\u2019est une <strong>balayeuse naturelle<\/strong> pour ton ventre. Quand tu le bois en tisane, il travaille comme un \u201cnettoyeur\u201d : il vide ce qui encombre ton ventre, fait sortir les d\u00e9chets et chasse les ballonnements. R\u00e9sultat ? Ton estomac se sent l\u00e9ger, ton ventre se d\u00e9gonfle, et toi-m\u00eame tu te regardes dans le miroir avec un sourire.<\/p>\n<p>Mais ce n\u2019est pas tout. Comme il aide ton corps \u00e0 mieux dig\u00e9rer et \u00e0 se d\u00e9barrasser du surplus, il devient aussi un <strong>alli\u00e9 pour perdre du poids<\/strong>. Pas un miracle, hein <em>( si tu manges brais\u00e9 + atti\u00e9k\u00e9 tous les soirs, faut pas accuser le s\u00e9n\u00e9 oh)<\/em> mais pris r\u00e9guli\u00e8rement avec une bonne hygi\u00e8ne de vie, il t\u2019accompagne dans le chemin du \u201cventre plat\u201d et de la silhouette BBL.<\/p>\n<p>Bref, le s\u00e9n\u00e9 c\u2019est ton <strong>coach minceur version plante<\/strong> : simple, naturel et efficace. Tu bois, tu all\u00e8ges, tu souris.<\/p>","protected":false},"excerpt":{"rendered":"<p>Ici, on parle d\u2019un vrai secret de grand-m\u00e8re africaine. Le s\u00e9n\u00e9, c\u2019est pas juste une plante, c\u2019est une balayeuse naturelle<\/p>","protected":false},"featured_media":1519,"comment_status":"open","ping_status":"closed","template":"","meta":[],"product_brand":[],"product_cat":[156,20],"product_tag":[],"class_list":{"0":"post-1903","1":"product","2":"type-product","3":"status-publish","4":"has-post-thumbnail","6":"product_cat-loose-teas","7":"product_cat-marque-makomas","8":"pa_taille-100g","9":"pa_taille-200g","11":"first","12":"instock","13":"shipping-taxable","14":"purchasable","15":"product-type-variable"},"_links":{"self":[{"href":"https:\/\/makomasci.com\/en\/wp-json\/wp\/v2\/product\/1903","targetHints":{"allow":["GET"]}}],"collection":[{"href":"https:\/\/makomasci.com\/en\/wp-json\/wp\/v2\/product"}],"about":[{"href":"https:\/\/makomasci.com\/en\/wp-json\/wp\/v2\/types\/product"}],"replies":[{"embeddable":true,"href":"https:\/\/makomasci.com\/en\/wp-json\/wp\/v2\/comments?post=1903"}],"version-history":[{"count":0,"href":"https:\/\/makomasci.com\/en\/wp-json\/wp\/v2\/product\/1903\/revisions"}],"wp:featuredmedia":[{"embeddable":true,"href":"https:\/\/makomasci.com\/en\/wp-json\/wp\/v2\/media\/1519"}],"wp:attachment":[{"href":"https:\/\/makomasci.com\/en\/wp-json\/wp\/v2\/media?parent=1903"}],"wp:term":[{"taxonomy":"product_brand","embeddable":true,"href":"https:\/\/makomasci.com\/en\/wp-json\/wp\/v2\/product_brand?post=1903"},{"taxonomy":"product_cat","embeddable":true,"href":"https:\/\/makomasci.com\/en\/wp-json\/wp\/v2\/product_cat?post=1903"},{"taxonomy":"product_tag","embeddable":true,"href":"https:\/\/makomasci.com\/en\/wp-json\/wp\/v2\/product_tag?post=1903"}],"curies":[{"name":"wp","href":"https:\/\/api.w.org\/{rel}","templated":true}]}}